{"id":23665,"date":"2026-04-14T16:34:50","date_gmt":"2026-04-14T14:34:50","guid":{"rendered":"https:\/\/shop.mrs-electronic.com\/?post_type=product&#038;p=23665"},"modified":"2026-04-22T02:25:47","modified_gmt":"2026-04-22T00:25:47","slug":"mcharger-connected","status":"publish","type":"product","link":"https:\/\/shop.mrs-electronic.com\/de\/produkt\/mcharger-connected\/","title":{"rendered":"MCharger Connected"},"content":{"rendered":"<p>Der MCharger Connected ist ein intelligentes Ladeger\u00e4t mit bis zu 22kW Ladeleistung sowie Benutzerauthentifizierung, RFID und, wenn mehrere Ladeger\u00e4te an einer Leitung angeschlossen sind, auch Lastausgleich. Er erm\u00f6glicht auch die Anpassung der Leistung an die Bedingungen des Stromnetzes. Der Benutzer bzw. die Benutzerin kann die maximale Ladeleistung bei Bedarf \u00fcber eine Webanwendung einstellen. MCharger Connected bietet eine Benutzerverwaltung mit bis zu 128 Benutzerkonten mit 2 RFID-Karten pro Benutzer*in. Sie k\u00f6nnen die Lademuster jedes Benutzers bzw. jeder Benutzerin sehen und erhalten einen vollst\u00e4ndigen \u00dcberblick \u00fcber den Ladeverlauf und k\u00f6nnen diesen als PDF-Datei exportieren.<br \/>\nLadeleistung bis zu 22 kW<br \/>\n&#8211; RFID-Authentifizierung<br \/>\n&#8211; Benutzerverwaltung mit Ladehistorie<br \/>\n&#8211; WiFi, LAN<br \/>\n&#8211; Web-Anwendung<br \/>\n&#8211; Lastausgleich inkl. Priorisierung<br \/>\n&#8211; Statische und dynamische Leistungsbegrenzung<\/p>\n","protected":false},"excerpt":{"rendered":"<p>Der MCharger Connected ist ein intelligentes Ladeger\u00e4t mit bis zu 22kW Ladeleistung sowie Benutzerauthentifizierung, RFID und, wenn mehrere Ladeger\u00e4te an<\/p>\n","protected":false},"featured_media":14565,"template":"","meta":[],"product_brand":[],"product_cat":[4009],"product_tag":[],"class_list":{"0":"post-23665","1":"product","2":"type-product","3":"status-publish","4":"has-post-thumbnail","6":"product_cat-e-mobilitaet-de","8":"first","9":"instock","10":"taxable","11":"shipping-taxable","12":"purchasable","13":"product-type-variable"},"_links":{"self":[{"href":"https:\/\/shop.mrs-electronic.com\/de\/wp-json\/wp\/v2\/product\/23665","targetHints":{"allow":["GET"]}}],"collection":[{"href":"https:\/\/shop.mrs-electronic.com\/de\/wp-json\/wp\/v2\/product"}],"about":[{"href":"https:\/\/shop.mrs-electronic.com\/de\/wp-json\/wp\/v2\/types\/product"}],"wp:featuredmedia":[{"embeddable":true,"href":"https:\/\/shop.mrs-electronic.com\/de\/wp-json\/wp\/v2\/media\/14565"}],"wp:attachment":[{"href":"https:\/\/shop.mrs-electronic.com\/de\/wp-json\/wp\/v2\/media?parent=23665"}],"wp:term":[{"taxonomy":"product_brand","embeddable":true,"href":"https:\/\/shop.mrs-electronic.com\/de\/wp-json\/wp\/v2\/product_brand?post=23665"},{"taxonomy":"product_cat","embeddable":true,"href":"https:\/\/shop.mrs-electronic.com\/de\/wp-json\/wp\/v2\/product_cat?post=23665"},{"taxonomy":"product_tag","embeddable":true,"href":"https:\/\/shop.mrs-electronic.com\/de\/wp-json\/wp\/v2\/product_tag?post=23665"}],"curies":[{"name":"wp","href":"https:\/\/api.w.org\/{rel}","templated":true}]}}