{"id":23655,"date":"2026-04-14T16:34:48","date_gmt":"2026-04-14T14:34:48","guid":{"rendered":"https:\/\/shop.mrs-electronic.com\/?post_type=product&#038;p=23655"},"modified":"2026-04-22T02:25:47","modified_gmt":"2026-04-22T00:25:47","slug":"mcharger-easy","status":"publish","type":"product","link":"https:\/\/shop.mrs-electronic.com\/de\/produkt\/mcharger-easy\/","title":{"rendered":"MCharger Easy"},"content":{"rendered":"<p>Ganz gleich, welches Elektroauto Sie bevorzugen, unsere MCharger Wallbox bietet Ihnen ein einfaches Ladeerlebnis. Von der einfachen Installation bis zur benutzerfreundlichen Oberfl\u00e4che mit dem Farbdisplay. W\u00e4hlen Sie das MCharger Modell, das Ihren Bed\u00fcrfnissen entspricht, f\u00fcgen Sie unser intelligentes Zubeh\u00f6r hinzu und genie\u00dfen Sie die Vorteile der E-Mobilit\u00e4t in vollen Z\u00fcgen!<br \/>\nLadeleistung bis zu 22 kW<br \/>\n&#8211; Farbdisplay<br \/>\n&#8211; Schutzklasse IP55<br \/>\n&#8211; \u00dcberspannungsschutz<br \/>\n&#8211; Einfacher Einbau<br \/>\n&#8211; Elektrischer Anschluss von der R\u00fcckseite, von oben oder von unten m\u00f6glich<br \/>\n&#8211; CE-Kennzeichnung; RoHS-, WEEE- und IEC-konform<br \/>\n&#8211; Entwickelt und hergestellt in Deutschland<\/p>\n","protected":false},"excerpt":{"rendered":"<p>Ganz gleich, welches Elektroauto Sie bevorzugen, unsere MCharger Wallbox bietet Ihnen ein einfaches Ladeerlebnis. Von der einfachen Installation bis zur<\/p>\n","protected":false},"featured_media":14549,"template":"","meta":[],"product_brand":[],"product_cat":[4009],"product_tag":[],"class_list":{"0":"post-23655","1":"product","2":"type-product","3":"status-publish","4":"has-post-thumbnail","6":"product_cat-e-mobilitaet-de","8":"first","9":"instock","10":"taxable","11":"shipping-taxable","12":"purchasable","13":"product-type-variable"},"_links":{"self":[{"href":"https:\/\/shop.mrs-electronic.com\/de\/wp-json\/wp\/v2\/product\/23655","targetHints":{"allow":["GET"]}}],"collection":[{"href":"https:\/\/shop.mrs-electronic.com\/de\/wp-json\/wp\/v2\/product"}],"about":[{"href":"https:\/\/shop.mrs-electronic.com\/de\/wp-json\/wp\/v2\/types\/product"}],"wp:featuredmedia":[{"embeddable":true,"href":"https:\/\/shop.mrs-electronic.com\/de\/wp-json\/wp\/v2\/media\/14549"}],"wp:attachment":[{"href":"https:\/\/shop.mrs-electronic.com\/de\/wp-json\/wp\/v2\/media?parent=23655"}],"wp:term":[{"taxonomy":"product_brand","embeddable":true,"href":"https:\/\/shop.mrs-electronic.com\/de\/wp-json\/wp\/v2\/product_brand?post=23655"},{"taxonomy":"product_cat","embeddable":true,"href":"https:\/\/shop.mrs-electronic.com\/de\/wp-json\/wp\/v2\/product_cat?post=23655"},{"taxonomy":"product_tag","embeddable":true,"href":"https:\/\/shop.mrs-electronic.com\/de\/wp-json\/wp\/v2\/product_tag?post=23655"}],"curies":[{"name":"wp","href":"https:\/\/api.w.org\/{rel}","templated":true}]}}