{"id":23577,"date":"2026-03-27T12:46:36","date_gmt":"2026-03-27T11:46:36","guid":{"rendered":"https:\/\/shop.mrs-electronic.com\/product\/zeitrelais-kompakt-35-a\/"},"modified":"2026-04-27T02:25:15","modified_gmt":"2026-04-27T00:25:15","slug":"zeitrelais-kompakt-35-a","status":"publish","type":"product","link":"https:\/\/shop.mrs-electronic.com\/de\/produkt\/zeitrelais-kompakt-35-a\/","title":{"rendered":"Zeitrelais Kompakt 35 A"},"content":{"rendered":"<p>Das Hochstromzeitrelais kompakt \u2013 Anzugs-\/Abfallverz\u00f6gert 6,5-32 V\/35 A ist eine kleine, leistungsstarke und kosteng\u00fcnstige Steuerung, die sich im Vergleich zur Steuerung M1 durch eine noch h\u00f6here Leistung auszeichnet.<br \/>\nNeben dem kompakten Zeitrelais gibt es in dieser Kompaktversion ein Impulsrelais, ein Schrittschaltrelais, einen Blinkgeber sowie andere Funktionen auf Anfrage. Die genannten Funktionen sind standardm\u00e4\u00dfig hinterlegt und m\u00fcssen nur noch konfiguriert und parametriert werden. Die Programmierung kann mithilfe des Software Programmiertools MRS Realizer erfolgen. Selbstverst\u00e4ndlich k\u00f6nnen die Standardfunktionen auch direkt bestellt werden.<\/p>\n","protected":false},"excerpt":{"rendered":"<p>Das Hochstromzeitrelais kompakt \u2013 Anzugs-\/Abfallverz\u00f6gert 6,5-32 V\/35 A ist eine kleine, leistungsstarke und kosteng\u00fcnstige Steuerung, die sich im Vergleich zur<\/p>\n","protected":false},"featured_media":23574,"template":"","meta":[],"product_brand":[],"product_cat":[742],"product_tag":[],"class_list":{"0":"post-23577","1":"product","2":"type-product","3":"status-publish","4":"has-post-thumbnail","6":"product_cat-zeitrelais-de","8":"first","9":"instock","10":"taxable","11":"shipping-taxable","12":"purchasable","13":"product-type-variable"},"_links":{"self":[{"href":"https:\/\/shop.mrs-electronic.com\/de\/wp-json\/wp\/v2\/product\/23577","targetHints":{"allow":["GET"]}}],"collection":[{"href":"https:\/\/shop.mrs-electronic.com\/de\/wp-json\/wp\/v2\/product"}],"about":[{"href":"https:\/\/shop.mrs-electronic.com\/de\/wp-json\/wp\/v2\/types\/product"}],"wp:featuredmedia":[{"embeddable":true,"href":"https:\/\/shop.mrs-electronic.com\/de\/wp-json\/wp\/v2\/media\/23574"}],"wp:attachment":[{"href":"https:\/\/shop.mrs-electronic.com\/de\/wp-json\/wp\/v2\/media?parent=23577"}],"wp:term":[{"taxonomy":"product_brand","embeddable":true,"href":"https:\/\/shop.mrs-electronic.com\/de\/wp-json\/wp\/v2\/product_brand?post=23577"},{"taxonomy":"product_cat","embeddable":true,"href":"https:\/\/shop.mrs-electronic.com\/de\/wp-json\/wp\/v2\/product_cat?post=23577"},{"taxonomy":"product_tag","embeddable":true,"href":"https:\/\/shop.mrs-electronic.com\/de\/wp-json\/wp\/v2\/product_tag?post=23577"}],"curies":[{"name":"wp","href":"https:\/\/api.w.org\/{rel}","templated":true}]}}