{"id":20868,"date":"2025-10-29T02:53:21","date_gmt":"2025-10-29T01:53:21","guid":{"rendered":"https:\/\/shop.mrs-electronic.com\/product\/steckerpaket-m12-stecker-cc27wp\/"},"modified":"2026-04-03T02:26:08","modified_gmt":"2026-04-03T00:26:08","slug":"steckerpaket-m12-stecker-cc27wp","status":"publish","type":"product","link":"https:\/\/shop.mrs-electronic.com\/de\/produkt\/steckerpaket-m12-stecker-cc27wp\/","title":{"rendered":"Steckerpaket M12-Stecker CC27WP"},"content":{"rendered":"<p>Das Steckerpaket von MRS liefert Ihnen den notwendigen Gegenstecker f\u00fcr den M12-Steckeranschluss Ihrer CC27WP. Den geeigneten MRS Kabelsatz finden Sie unter Zubeh\u00f6r. F\u00fcr weitere Informationen zu diesem Produkt wenden Sie sich bitte an unseren MRS Kundenservice.<br \/>\n*Versandhinweis: Bei einer Bestellmenge bis 49 St\u00fcck werden die Steckerpakete einzeln verpackt und versendet. Bei Bestellmengen ab 50 St\u00fcck werden die einzelnen Komponenten als Sch\u00fcttgut verpackt.<\/p>\n","protected":false},"excerpt":{"rendered":"<p>Das Steckerpaket von MRS liefert Ihnen den notwendigen Gegenstecker f\u00fcr den M12-Steckeranschluss Ihrer CC27WP. Den geeigneten MRS Kabelsatz finden Sie<\/p>\n","protected":false},"featured_media":20863,"template":"","meta":[],"product_brand":[],"product_cat":[768],"product_tag":[],"class_list":{"0":"post-20868","1":"product","2":"type-product","3":"status-publish","4":"has-post-thumbnail","6":"product_cat-steckerpakete-de","8":"first","9":"instock","10":"taxable","11":"shipping-taxable","12":"purchasable","13":"product-type-variable"},"_links":{"self":[{"href":"https:\/\/shop.mrs-electronic.com\/de\/wp-json\/wp\/v2\/product\/20868","targetHints":{"allow":["GET"]}}],"collection":[{"href":"https:\/\/shop.mrs-electronic.com\/de\/wp-json\/wp\/v2\/product"}],"about":[{"href":"https:\/\/shop.mrs-electronic.com\/de\/wp-json\/wp\/v2\/types\/product"}],"wp:featuredmedia":[{"embeddable":true,"href":"https:\/\/shop.mrs-electronic.com\/de\/wp-json\/wp\/v2\/media\/20863"}],"wp:attachment":[{"href":"https:\/\/shop.mrs-electronic.com\/de\/wp-json\/wp\/v2\/media?parent=20868"}],"wp:term":[{"taxonomy":"product_brand","embeddable":true,"href":"https:\/\/shop.mrs-electronic.com\/de\/wp-json\/wp\/v2\/product_brand?post=20868"},{"taxonomy":"product_cat","embeddable":true,"href":"https:\/\/shop.mrs-electronic.com\/de\/wp-json\/wp\/v2\/product_cat?post=20868"},{"taxonomy":"product_tag","embeddable":true,"href":"https:\/\/shop.mrs-electronic.com\/de\/wp-json\/wp\/v2\/product_tag?post=20868"}],"curies":[{"name":"wp","href":"https:\/\/api.w.org\/{rel}","templated":true}]}}