{"id":20856,"date":"2025-10-29T02:52:59","date_gmt":"2025-10-29T01:52:59","guid":{"rendered":"https:\/\/shop.mrs-electronic.com\/product\/steckerpaket-ssr-150-a\/"},"modified":"2026-04-04T02:26:02","modified_gmt":"2026-04-04T00:26:02","slug":"steckerpaket-ssr-150-a","status":"publish","type":"product","link":"https:\/\/shop.mrs-electronic.com\/de\/produkt\/steckerpaket-ssr-150-a\/","title":{"rendered":"Steckerpaket SSR 150 A"},"content":{"rendered":"<p>Das Steckerpaket von MRS liefert Ihnen das notwendige Zubeh\u00f6r f\u00fcr den Steckeranschluss Ihres SSR 150 A. Das Paket beinhaltet neben dem robusten Gegenstecker auch die passenden Crimpkontakte. Den geeigneten MRS Kabelsatz finden Sie unter Zubeh\u00f6r. F\u00fcr weitere Informationen zu diesem Produkt wenden Sie sich bitte an unseren MRS Kundenservice.<br \/>\n*Versandhinweis: Bei einer Bestellmenge bis 49 St\u00fcck werden die Steckerpakete einzeln verpackt und versendet. Bei Bestellmengen ab 50 St\u00fcck werden die einzelnen Komponenten als Sch\u00fcttgut verpackt.<\/p>\n","protected":false},"excerpt":{"rendered":"<p>Das Steckerpaket von MRS liefert Ihnen das notwendige Zubeh\u00f6r f\u00fcr den Steckeranschluss Ihres SSR 150 A. Das Paket beinhaltet neben<\/p>\n","protected":false},"featured_media":20851,"template":"","meta":[],"product_brand":[],"product_cat":[768],"product_tag":[],"class_list":{"0":"post-20856","1":"product","2":"type-product","3":"status-publish","4":"has-post-thumbnail","6":"product_cat-steckerpakete-de","8":"first","9":"instock","10":"taxable","11":"shipping-taxable","12":"purchasable","13":"product-type-variable"},"_links":{"self":[{"href":"https:\/\/shop.mrs-electronic.com\/de\/wp-json\/wp\/v2\/product\/20856","targetHints":{"allow":["GET"]}}],"collection":[{"href":"https:\/\/shop.mrs-electronic.com\/de\/wp-json\/wp\/v2\/product"}],"about":[{"href":"https:\/\/shop.mrs-electronic.com\/de\/wp-json\/wp\/v2\/types\/product"}],"wp:featuredmedia":[{"embeddable":true,"href":"https:\/\/shop.mrs-electronic.com\/de\/wp-json\/wp\/v2\/media\/20851"}],"wp:attachment":[{"href":"https:\/\/shop.mrs-electronic.com\/de\/wp-json\/wp\/v2\/media?parent=20856"}],"wp:term":[{"taxonomy":"product_brand","embeddable":true,"href":"https:\/\/shop.mrs-electronic.com\/de\/wp-json\/wp\/v2\/product_brand?post=20856"},{"taxonomy":"product_cat","embeddable":true,"href":"https:\/\/shop.mrs-electronic.com\/de\/wp-json\/wp\/v2\/product_cat?post=20856"},{"taxonomy":"product_tag","embeddable":true,"href":"https:\/\/shop.mrs-electronic.com\/de\/wp-json\/wp\/v2\/product_tag?post=20856"}],"curies":[{"name":"wp","href":"https:\/\/api.w.org\/{rel}","templated":true}]}}