{"id":20730,"date":"2025-10-08T02:53:09","date_gmt":"2025-10-08T00:53:09","guid":{"rendered":"https:\/\/shop.mrs-electronic.com\/product\/programmierkabelsatz-fuer-dtm-module\/"},"modified":"2026-04-04T02:26:02","modified_gmt":"2026-04-04T00:26:02","slug":"programmierkabelsatz-fuer-dtm-module","status":"publish","type":"product","link":"https:\/\/shop.mrs-electronic.com\/de\/produkt\/programmierkabelsatz-fuer-dtm-module\/","title":{"rendered":"Programmierkabelsatz f\u00fcr DTM Module"},"content":{"rendered":"<p>Der MRS Kabelsatz (L\u00e4nge ca. 30 cm) wird f\u00fcr die Programmierung unserer Module mit DTM-Stecker ben\u00f6tigt. Verbinden Sie einfach Ihre MRS Steuerung durch den passenden MRS Kabelsatz \u00fcber einen D-Sub-Steckverbinder mit dem PCAN-USB Interface (auch kompatibel mit Peak oder Vector Interfaces) und starten Sie die Programmierung Ihrer individuellen Applikation.<br \/>\nF\u00fcr weitere Informationen zu diesem Produkt wenden Sie sich bitte an unseren MRS Kundenservice.<\/p>\n","protected":false},"excerpt":{"rendered":"<p>Der MRS Kabelsatz (L\u00e4nge ca. 30 cm) wird f\u00fcr die Programmierung unserer Module mit DTM-Stecker ben\u00f6tigt. Verbinden Sie einfach Ihre<\/p>\n","protected":false},"featured_media":20725,"template":"","meta":[],"product_brand":[],"product_cat":[764],"product_tag":[],"class_list":{"0":"post-20730","1":"product","2":"type-product","3":"status-publish","4":"has-post-thumbnail","6":"product_cat-kabelsaetze-de","8":"first","9":"instock","10":"taxable","11":"shipping-taxable","12":"purchasable","13":"product-type-variable"},"_links":{"self":[{"href":"https:\/\/shop.mrs-electronic.com\/de\/wp-json\/wp\/v2\/product\/20730","targetHints":{"allow":["GET"]}}],"collection":[{"href":"https:\/\/shop.mrs-electronic.com\/de\/wp-json\/wp\/v2\/product"}],"about":[{"href":"https:\/\/shop.mrs-electronic.com\/de\/wp-json\/wp\/v2\/types\/product"}],"wp:featuredmedia":[{"embeddable":true,"href":"https:\/\/shop.mrs-electronic.com\/de\/wp-json\/wp\/v2\/media\/20725"}],"wp:attachment":[{"href":"https:\/\/shop.mrs-electronic.com\/de\/wp-json\/wp\/v2\/media?parent=20730"}],"wp:term":[{"taxonomy":"product_brand","embeddable":true,"href":"https:\/\/shop.mrs-electronic.com\/de\/wp-json\/wp\/v2\/product_brand?post=20730"},{"taxonomy":"product_cat","embeddable":true,"href":"https:\/\/shop.mrs-electronic.com\/de\/wp-json\/wp\/v2\/product_cat?post=20730"},{"taxonomy":"product_tag","embeddable":true,"href":"https:\/\/shop.mrs-electronic.com\/de\/wp-json\/wp\/v2\/product_tag?post=20730"}],"curies":[{"name":"wp","href":"https:\/\/api.w.org\/{rel}","templated":true}]}}