{"id":20722,"date":"2025-10-08T02:31:07","date_gmt":"2025-10-08T00:31:07","guid":{"rendered":"https:\/\/shop.mrs-electronic.com\/product\/micro-gateway-dtm-2\/"},"modified":"2026-04-20T02:26:07","modified_gmt":"2026-04-20T00:26:07","slug":"micro-gateway-dtm","status":"publish","type":"product","link":"https:\/\/shop.mrs-electronic.com\/de\/produkt\/micro-gateway-dtm\/","title":{"rendered":"Micro Gateway DTM"},"content":{"rendered":"<p>Das neue Micro Gateway DTM mit DEUTSCH DTM Stecker ist ein kompaktes Gateway f\u00fcr automotive Anwendungen. Das Kernst\u00fcck, der 32-Bit-Prozessor, liefert Ihnen eine h\u00f6here Performance und somit sichere Routing-\/ und Gatewayfunktionalit\u00e4t bei hoher Buslast.<br \/>\nDurch die Kombination mit dem DEUTSCH DTM Stecker bietet es Ihnen robuste Qualit\u00e4t und ist bestens f\u00fcr extreme Umgebungsbedingungen geeignet.<\/p>\n","protected":false},"excerpt":{"rendered":"<p>Das neue Micro Gateway DTM mit DEUTSCH DTM Stecker ist ein kompaktes Gateway f\u00fcr automotive Anwendungen. Das Kernst\u00fcck, der 32-Bit-Prozessor,<\/p>\n","protected":false},"featured_media":20717,"template":"","meta":[],"product_brand":[],"product_cat":[734],"product_tag":[],"class_list":{"0":"post-20722","1":"product","2":"type-product","3":"status-publish","4":"has-post-thumbnail","6":"product_cat-gateways-de","8":"first","9":"instock","10":"taxable","11":"shipping-taxable","12":"purchasable","13":"product-type-variable"},"_links":{"self":[{"href":"https:\/\/shop.mrs-electronic.com\/de\/wp-json\/wp\/v2\/product\/20722","targetHints":{"allow":["GET"]}}],"collection":[{"href":"https:\/\/shop.mrs-electronic.com\/de\/wp-json\/wp\/v2\/product"}],"about":[{"href":"https:\/\/shop.mrs-electronic.com\/de\/wp-json\/wp\/v2\/types\/product"}],"wp:featuredmedia":[{"embeddable":true,"href":"https:\/\/shop.mrs-electronic.com\/de\/wp-json\/wp\/v2\/media\/20717"}],"wp:attachment":[{"href":"https:\/\/shop.mrs-electronic.com\/de\/wp-json\/wp\/v2\/media?parent=20722"}],"wp:term":[{"taxonomy":"product_brand","embeddable":true,"href":"https:\/\/shop.mrs-electronic.com\/de\/wp-json\/wp\/v2\/product_brand?post=20722"},{"taxonomy":"product_cat","embeddable":true,"href":"https:\/\/shop.mrs-electronic.com\/de\/wp-json\/wp\/v2\/product_cat?post=20722"},{"taxonomy":"product_tag","embeddable":true,"href":"https:\/\/shop.mrs-electronic.com\/de\/wp-json\/wp\/v2\/product_tag?post=20722"}],"curies":[{"name":"wp","href":"https:\/\/api.w.org\/{rel}","templated":true}]}}