{"id":20712,"date":"2025-10-08T02:30:50","date_gmt":"2025-10-08T00:30:50","guid":{"rendered":"https:\/\/shop.mrs-electronic.com\/product\/microplex-gateway-3can-lin-2\/"},"modified":"2026-04-20T02:26:06","modified_gmt":"2026-04-20T00:26:06","slug":"microplex-gateway-3can-lin","status":"publish","type":"product","link":"https:\/\/shop.mrs-electronic.com\/de\/produkt\/microplex-gateway-3can-lin\/","title":{"rendered":"MicroPlex\u00ae Gateway 3CAN LIN"},"content":{"rendered":"<p>Das MicroPlex\u00ae Gateway 3CAN LIN im kompakten MicroPlex\u00ae Geh\u00e4use verf\u00fcgt im Gegensatz zu anderen Gateways \u00fcber 12 Pins und erm\u00f6glicht in kompakterer Bauweise noch mehr Funktionen.<br \/>\nMit einem Multifunktionseingang, einem Analogeingang, drei CAN- sowie optional einer LIN-Schnittstelle erg\u00e4nzt es bestehende Systeme und \u00fcbermittelt, filtert oder manipuliert Informationen zwischen CAN-Netzwerken.<\/p>\n<p>Ausgestattet mit einem 32-Bit Prozessor liefert Ihnen das cybersecurity-f\u00e4hige Modul noch mehr Rechenleistung, eine h\u00f6here Performance und somit eine sichere Routing- und Gatewayfunktionalit\u00e4t bei hoher Buslast.<\/p>\n","protected":false},"excerpt":{"rendered":"<p>Das MicroPlex\u00ae Gateway 3CAN LIN im kompakten MicroPlex\u00ae Geh\u00e4use verf\u00fcgt im Gegensatz zu anderen Gateways \u00fcber 12 Pins und erm\u00f6glicht<\/p>\n","protected":false},"featured_media":17073,"template":"","meta":[],"product_brand":[],"product_cat":[734],"product_tag":[],"class_list":{"0":"post-20712","1":"product","2":"type-product","3":"status-publish","4":"has-post-thumbnail","6":"product_cat-gateways-de","8":"first","9":"instock","10":"taxable","11":"shipping-taxable","12":"purchasable","13":"product-type-variable"},"_links":{"self":[{"href":"https:\/\/shop.mrs-electronic.com\/de\/wp-json\/wp\/v2\/product\/20712","targetHints":{"allow":["GET"]}}],"collection":[{"href":"https:\/\/shop.mrs-electronic.com\/de\/wp-json\/wp\/v2\/product"}],"about":[{"href":"https:\/\/shop.mrs-electronic.com\/de\/wp-json\/wp\/v2\/types\/product"}],"wp:featuredmedia":[{"embeddable":true,"href":"https:\/\/shop.mrs-electronic.com\/de\/wp-json\/wp\/v2\/media\/17073"}],"wp:attachment":[{"href":"https:\/\/shop.mrs-electronic.com\/de\/wp-json\/wp\/v2\/media?parent=20712"}],"wp:term":[{"taxonomy":"product_brand","embeddable":true,"href":"https:\/\/shop.mrs-electronic.com\/de\/wp-json\/wp\/v2\/product_brand?post=20712"},{"taxonomy":"product_cat","embeddable":true,"href":"https:\/\/shop.mrs-electronic.com\/de\/wp-json\/wp\/v2\/product_cat?post=20712"},{"taxonomy":"product_tag","embeddable":true,"href":"https:\/\/shop.mrs-electronic.com\/de\/wp-json\/wp\/v2\/product_tag?post=20712"}],"curies":[{"name":"wp","href":"https:\/\/api.w.org\/{rel}","templated":true}]}}