{"id":19447,"date":"2025-01-28T02:19:11","date_gmt":"2025-01-28T01:19:11","guid":{"rendered":"https:\/\/shop.mrs-electronic.com\/product\/motorsteuerung-5-a-can-32-bit\/"},"modified":"2026-04-30T02:25:18","modified_gmt":"2026-04-30T00:25:18","slug":"motorsteuerung-5-a-can-32-bit","status":"publish","type":"product","link":"https:\/\/shop.mrs-electronic.com\/de\/produkt\/motorsteuerung-5-a-can-32-bit\/","title":{"rendered":"Motorsteuerung 5 A CAN 32-bit"},"content":{"rendered":"<p>Die Motorsteuerung 5 A CAN 32-bit zur Ansteuerung von Gleichstrommotoren (DC) ist die Nachfolgeversion unserer Motorsteuerung 5 A CAN. Sie bietet Ihnen im Vergleich zur Vorg\u00e4ngerversion zwei Multifunktionseing\u00e4nge und dank des 32-bit Prozessors noch mehr Rechenleistung.<br \/>\nKonfiguriert werden kann die Steuerung entweder als zwei Halbbr\u00fccken oder eine Vollbr\u00fccke mit 5 A Leistung. Die integrierten Rampenfunktionen erm\u00f6glichen Ihnen ein sanftes Anfahren oder ein langsames Abbremsen der Motoren.<\/p>\n<p>Aufgrund der freien Konfigurier- und Programmierbarkeit mithilfe der Programmiersoftware MRS Applics Studio sowie der kompakten Bauweise sind vielf\u00e4ltige Applikationen realisierbar \u2013 selbst auf kleinem Bauraum.<\/p>\n","protected":false},"excerpt":{"rendered":"<p>Die Motorsteuerung 5 A CAN 32-bit zur Ansteuerung von Gleichstrommotoren (DC) ist die Nachfolgeversion unserer Motorsteuerung 5 A CAN. Sie<\/p>\n","protected":false},"featured_media":19442,"template":"","meta":[],"product_brand":[],"product_cat":[730],"product_tag":[],"class_list":{"0":"post-19447","1":"product","2":"type-product","3":"status-publish","4":"has-post-thumbnail","6":"product_cat-motorsteuerungen-de","8":"first","9":"instock","10":"taxable","11":"shipping-taxable","12":"purchasable","13":"product-type-variable"},"_links":{"self":[{"href":"https:\/\/shop.mrs-electronic.com\/de\/wp-json\/wp\/v2\/product\/19447","targetHints":{"allow":["GET"]}}],"collection":[{"href":"https:\/\/shop.mrs-electronic.com\/de\/wp-json\/wp\/v2\/product"}],"about":[{"href":"https:\/\/shop.mrs-electronic.com\/de\/wp-json\/wp\/v2\/types\/product"}],"wp:featuredmedia":[{"embeddable":true,"href":"https:\/\/shop.mrs-electronic.com\/de\/wp-json\/wp\/v2\/media\/19442"}],"wp:attachment":[{"href":"https:\/\/shop.mrs-electronic.com\/de\/wp-json\/wp\/v2\/media?parent=19447"}],"wp:term":[{"taxonomy":"product_brand","embeddable":true,"href":"https:\/\/shop.mrs-electronic.com\/de\/wp-json\/wp\/v2\/product_brand?post=19447"},{"taxonomy":"product_cat","embeddable":true,"href":"https:\/\/shop.mrs-electronic.com\/de\/wp-json\/wp\/v2\/product_cat?post=19447"},{"taxonomy":"product_tag","embeddable":true,"href":"https:\/\/shop.mrs-electronic.com\/de\/wp-json\/wp\/v2\/product_tag?post=19447"}],"curies":[{"name":"wp","href":"https:\/\/api.w.org\/{rel}","templated":true}]}}