{"id":19421,"date":"2025-01-25T02:19:07","date_gmt":"2025-01-25T01:19:07","guid":{"rendered":"https:\/\/shop.mrs-electronic.com\/product\/micro-sps-can-relais-32-bit\/"},"modified":"2026-04-27T02:25:20","modified_gmt":"2026-04-27T00:25:20","slug":"micro-sps-can-relais-32-bit","status":"publish","type":"product","link":"https:\/\/shop.mrs-electronic.com\/de\/produkt\/micro-sps-can-relais-32-bit\/","title":{"rendered":"Micro SPS CAN Relais 32-bit"},"content":{"rendered":"<p>Die Micro SPS CAN Relais 32-bit ist pinkompatibel zur Micro SPS CAN 12 V sowie 24 V und vereint diese in einem Produkt. Die kompakte CAN-Steuerung verf\u00fcgt \u00fcber einen NO 10 A \/ NC 5 A Relaisausgang und ist flexibel in einem Spannungsbereich von 9-32V einsetzbar. Mit dem 32-Bit Prozessor liefert sie noch mehr Rechenleistung als die Vorg\u00e4ngerversion und bietet Ihnen aufgrund der freien Konfigurier-, Parametrier- und Programmierbarkeit vielf\u00e4ltige Einsatzm\u00f6glichkeiten im Automotive-Bereich.<\/p>\n","protected":false},"excerpt":{"rendered":"<p>Die Micro SPS CAN Relais 32-bit ist pinkompatibel zur Micro SPS CAN 12 V sowie 24 V und vereint diese<\/p>\n","protected":false},"featured_media":19412,"template":"","meta":[],"product_brand":[],"product_cat":[728],"product_tag":[],"class_list":{"0":"post-19421","1":"product","2":"type-product","3":"status-publish","4":"has-post-thumbnail","6":"product_cat-vernetzte-steuerungen-de","8":"first","9":"instock","10":"taxable","11":"shipping-taxable","12":"purchasable","13":"product-type-variable"},"_links":{"self":[{"href":"https:\/\/shop.mrs-electronic.com\/de\/wp-json\/wp\/v2\/product\/19421","targetHints":{"allow":["GET"]}}],"collection":[{"href":"https:\/\/shop.mrs-electronic.com\/de\/wp-json\/wp\/v2\/product"}],"about":[{"href":"https:\/\/shop.mrs-electronic.com\/de\/wp-json\/wp\/v2\/types\/product"}],"wp:featuredmedia":[{"embeddable":true,"href":"https:\/\/shop.mrs-electronic.com\/de\/wp-json\/wp\/v2\/media\/19412"}],"wp:attachment":[{"href":"https:\/\/shop.mrs-electronic.com\/de\/wp-json\/wp\/v2\/media?parent=19421"}],"wp:term":[{"taxonomy":"product_brand","embeddable":true,"href":"https:\/\/shop.mrs-electronic.com\/de\/wp-json\/wp\/v2\/product_brand?post=19421"},{"taxonomy":"product_cat","embeddable":true,"href":"https:\/\/shop.mrs-electronic.com\/de\/wp-json\/wp\/v2\/product_cat?post=19421"},{"taxonomy":"product_tag","embeddable":true,"href":"https:\/\/shop.mrs-electronic.com\/de\/wp-json\/wp\/v2\/product_tag?post=19421"}],"curies":[{"name":"wp","href":"https:\/\/api.w.org\/{rel}","templated":true}]}}