{"id":17739,"date":"2024-08-15T03:19:53","date_gmt":"2024-08-15T00:19:53","guid":{"rendered":"https:\/\/shop.mrs-electronic.com\/product\/prop-can-2ch-dtm-2\/"},"modified":"2026-04-18T02:25:49","modified_gmt":"2026-04-18T00:25:49","slug":"prop-can-2ch-dtm","status":"publish","type":"product","link":"https:\/\/shop.mrs-electronic.com\/de\/produkt\/prop-can-2ch-dtm\/","title":{"rendered":"PROP CAN 2CH DTM"},"content":{"rendered":"<p>Das PROP CAN 2CH DTM mit CAN-Bus dient zur stetigen Ansteuerung zweier Verbraucher und wird insbesondere zur Regelung von Proportionalventilen eingesetzt. Es realisiert aufgrund seiner zwei Ausg\u00e4nge doppelte Funktionalit\u00e4t bei gleichem Bauraum. Durch die Kombination mit dem DEUTSCH DTM Stecker bietet es Ihnen robuste Qualit\u00e4t und ist bestens f\u00fcr extreme Umgebungsbedingungen geeignet.<\/p>\n","protected":false},"excerpt":{"rendered":"<p>Das PROP CAN 2CH DTM mit CAN-Bus dient zur stetigen Ansteuerung zweier Verbraucher und wird insbesondere zur Regelung von Proportionalventilen<\/p>\n","protected":false},"featured_media":17736,"template":"","meta":[],"product_brand":[],"product_cat":[728],"product_tag":[],"class_list":{"0":"post-17739","1":"product","2":"type-product","3":"status-publish","4":"has-post-thumbnail","6":"product_cat-vernetzte-steuerungen-de","8":"first","9":"instock","10":"taxable","11":"shipping-taxable","12":"purchasable","13":"product-type-variable"},"_links":{"self":[{"href":"https:\/\/shop.mrs-electronic.com\/de\/wp-json\/wp\/v2\/product\/17739","targetHints":{"allow":["GET"]}}],"collection":[{"href":"https:\/\/shop.mrs-electronic.com\/de\/wp-json\/wp\/v2\/product"}],"about":[{"href":"https:\/\/shop.mrs-electronic.com\/de\/wp-json\/wp\/v2\/types\/product"}],"wp:featuredmedia":[{"embeddable":true,"href":"https:\/\/shop.mrs-electronic.com\/de\/wp-json\/wp\/v2\/media\/17736"}],"wp:attachment":[{"href":"https:\/\/shop.mrs-electronic.com\/de\/wp-json\/wp\/v2\/media?parent=17739"}],"wp:term":[{"taxonomy":"product_brand","embeddable":true,"href":"https:\/\/shop.mrs-electronic.com\/de\/wp-json\/wp\/v2\/product_brand?post=17739"},{"taxonomy":"product_cat","embeddable":true,"href":"https:\/\/shop.mrs-electronic.com\/de\/wp-json\/wp\/v2\/product_cat?post=17739"},{"taxonomy":"product_tag","embeddable":true,"href":"https:\/\/shop.mrs-electronic.com\/de\/wp-json\/wp\/v2\/product_tag?post=17739"}],"curies":[{"name":"wp","href":"https:\/\/api.w.org\/{rel}","templated":true}]}}