{"id":17733,"date":"2024-08-15T03:19:29","date_gmt":"2024-08-15T00:19:29","guid":{"rendered":"https:\/\/shop.mrs-electronic.com\/product\/micro-sps-can-4-ana-dtm\/"},"modified":"2026-04-04T02:25:53","modified_gmt":"2026-04-04T00:25:53","slug":"micro-sps-can-4-ana-dtm","status":"publish","type":"product","link":"https:\/\/shop.mrs-electronic.com\/de\/produkt\/micro-sps-can-4-ana-dtm\/","title":{"rendered":"Micro SPS CAN 4 ANA DTM"},"content":{"rendered":"<p>Die Micro SPS CAN 4 ANA DTM ist eine Kleinsteuerung f\u00fcr automotive Anwendungen mit 4 Analogeing\u00e4ngen, welche als Strom-, Frequenz- und Spannungsmessung konfiguriert werden k\u00f6nnen. \u00dcber die CAN-Bus Schnittstelle k\u00f6nnen alle Daten bequem gesendet und ausgelesen werden.<br \/>\nDurch die Kombination mit dem DEUTSCH DTM Stecker bietet es Ihnen robuste Qualit\u00e4t und ist bestens f\u00fcr extreme Umgebungsbedingungen geeignet.<\/p>\n","protected":false},"excerpt":{"rendered":"<p>Die Micro SPS CAN 4 ANA DTM ist eine Kleinsteuerung f\u00fcr automotive Anwendungen mit 4 Analogeing\u00e4ngen, welche als Strom-, Frequenz-<\/p>\n","protected":false},"featured_media":17730,"template":"","meta":[],"product_brand":[],"product_cat":[728],"product_tag":[],"class_list":{"0":"post-17733","1":"product","2":"type-product","3":"status-publish","4":"has-post-thumbnail","6":"product_cat-vernetzte-steuerungen-de","8":"first","9":"instock","10":"taxable","11":"shipping-taxable","12":"purchasable","13":"product-type-variable"},"_links":{"self":[{"href":"https:\/\/shop.mrs-electronic.com\/de\/wp-json\/wp\/v2\/product\/17733","targetHints":{"allow":["GET"]}}],"collection":[{"href":"https:\/\/shop.mrs-electronic.com\/de\/wp-json\/wp\/v2\/product"}],"about":[{"href":"https:\/\/shop.mrs-electronic.com\/de\/wp-json\/wp\/v2\/types\/product"}],"wp:featuredmedia":[{"embeddable":true,"href":"https:\/\/shop.mrs-electronic.com\/de\/wp-json\/wp\/v2\/media\/17730"}],"wp:attachment":[{"href":"https:\/\/shop.mrs-electronic.com\/de\/wp-json\/wp\/v2\/media?parent=17733"}],"wp:term":[{"taxonomy":"product_brand","embeddable":true,"href":"https:\/\/shop.mrs-electronic.com\/de\/wp-json\/wp\/v2\/product_brand?post=17733"},{"taxonomy":"product_cat","embeddable":true,"href":"https:\/\/shop.mrs-electronic.com\/de\/wp-json\/wp\/v2\/product_cat?post=17733"},{"taxonomy":"product_tag","embeddable":true,"href":"https:\/\/shop.mrs-electronic.com\/de\/wp-json\/wp\/v2\/product_tag?post=17733"}],"curies":[{"name":"wp","href":"https:\/\/api.w.org\/{rel}","templated":true}]}}