{"id":17727,"date":"2024-08-15T03:19:25","date_gmt":"2024-08-15T00:19:25","guid":{"rendered":"https:\/\/shop.mrs-electronic.com\/product\/micro-sps-can-dtm\/"},"modified":"2026-04-14T16:51:41","modified_gmt":"2026-04-14T14:51:41","slug":"micro-sps-can-dtm","status":"publish","type":"product","link":"https:\/\/shop.mrs-electronic.com\/de\/produkt\/micro-sps-can-dtm\/","title":{"rendered":"Micro SPS CAN DTM"},"content":{"rendered":"<p>Die Micro SPS CAN DTM ist eine Kleinsteuerung f\u00fcr automotive Anwendungen. Freie Konfigurier-, Parametrier- und Programmierbarkeit bieten Ihnen vielf\u00e4ltige Einsatzm\u00f6glichkeiten im Kfz-Bereich. Die Ansteuerung und das Auslesen erfolgen \u00fcber den CAN-Bus (ISO 11898-2). Zudem besitzt die Steuerung einen Freescale Prozessor mit Flash-Technologie (Option der Mehrfachprogrammierung).<br \/>\nDurch die Kombination mit dem DEUTSCH DTM Stecker bietet es Ihnen robuste Qualit\u00e4t und ist bestens f\u00fcr extreme Umgebungsbedingungen geeignet.<\/p>\n","protected":false},"excerpt":{"rendered":"<p>Die Micro SPS CAN DTM ist eine Kleinsteuerung f\u00fcr automotive Anwendungen. Freie Konfigurier-, Parametrier- und Programmierbarkeit bieten Ihnen vielf\u00e4ltige Einsatzm\u00f6glichkeiten<\/p>\n","protected":false},"featured_media":17724,"template":"","meta":[],"product_brand":[],"product_cat":[728],"product_tag":[],"class_list":{"0":"post-17727","1":"product","2":"type-product","3":"status-publish","4":"has-post-thumbnail","6":"product_cat-vernetzte-steuerungen-de","8":"first","9":"instock","10":"taxable","11":"shipping-taxable","12":"purchasable","13":"product-type-variable"},"_links":{"self":[{"href":"https:\/\/shop.mrs-electronic.com\/de\/wp-json\/wp\/v2\/product\/17727","targetHints":{"allow":["GET"]}}],"collection":[{"href":"https:\/\/shop.mrs-electronic.com\/de\/wp-json\/wp\/v2\/product"}],"about":[{"href":"https:\/\/shop.mrs-electronic.com\/de\/wp-json\/wp\/v2\/types\/product"}],"wp:featuredmedia":[{"embeddable":true,"href":"https:\/\/shop.mrs-electronic.com\/de\/wp-json\/wp\/v2\/media\/17724"}],"wp:attachment":[{"href":"https:\/\/shop.mrs-electronic.com\/de\/wp-json\/wp\/v2\/media?parent=17727"}],"wp:term":[{"taxonomy":"product_brand","embeddable":true,"href":"https:\/\/shop.mrs-electronic.com\/de\/wp-json\/wp\/v2\/product_brand?post=17727"},{"taxonomy":"product_cat","embeddable":true,"href":"https:\/\/shop.mrs-electronic.com\/de\/wp-json\/wp\/v2\/product_cat?post=17727"},{"taxonomy":"product_tag","embeddable":true,"href":"https:\/\/shop.mrs-electronic.com\/de\/wp-json\/wp\/v2\/product_tag?post=17727"}],"curies":[{"name":"wp","href":"https:\/\/api.w.org\/{rel}","templated":true}]}}