{"id":17406,"date":"2024-06-19T03:19:10","date_gmt":"2024-06-19T00:19:10","guid":{"rendered":"https:\/\/shop.mrs-electronic.com\/product\/micro-sps-can-12v\/"},"modified":"2026-04-14T16:51:40","modified_gmt":"2026-04-14T14:51:40","slug":"micro-sps-can-12v","status":"publish","type":"product","link":"https:\/\/shop.mrs-electronic.com\/de\/produkt\/micro-sps-can-12v\/","title":{"rendered":"Micro SPS CAN 12 V"},"content":{"rendered":"<p>Die Micro SPS CAN ist eine Kleinsteuerung mit freier Konfigurier-, Parametrier- und Programmierbarkeit, welche vielf\u00e4ltige Einsatzm\u00f6glichkeiten im Automotive-Bereich erm\u00f6glicht. Ansteuerung und Auslesen erfolgen \u00fcber den CAN-Bus (ISO 11898-2). Zudem besitzt die Steuerung einen Freescale Prozessor mit Flash-Technologie (Option der Mehrfachprogrammierung). Es stehen 2 analoge Eing\u00e4nge und\/oder 1 analoger Eingang, 1 digitaler Ausgang sowie 2 \u00fcberlastsichere Highside Leistungsausg\u00e4nge (alternativ Relaisausgang) zur Verf\u00fcgung.<br \/>\nKomplexe Anwendungen k\u00f6nnen in C realisiert werden. Die Funktionen sowie die Messwerte sind \u00fcber den CAN-Bus steuer- und auslesbar. Die Programmierung ist \u00fcber die Soft\u00adware MRS Developers Studio, grafisch mit CAN graph m\u00f6glich. Durch die Verwendung des leistungsf\u00e4higen Prozessors ist die Micro SPS CAN open und SAE J1939 f\u00e4hig.<\/p>\n<p>Mit der Micro SPS CAN Relais 32-bit gibt es zur Micro SPS CAN 12 V auch ein pinkompatibles Produkt mit 32-bit Prozessor und somit noch mehr Rechenleistung.<\/p>\n","protected":false},"excerpt":{"rendered":"<p>Die Micro SPS CAN ist eine Kleinsteuerung mit freier Konfigurier-, Parametrier- und Programmierbarkeit, welche vielf\u00e4ltige Einsatzm\u00f6glichkeiten im Automotive-Bereich erm\u00f6glicht. Ansteuerung<\/p>\n","protected":false},"featured_media":17575,"template":"","meta":[],"product_brand":[],"product_cat":[728],"product_tag":[],"class_list":{"0":"post-17406","1":"product","2":"type-product","3":"status-publish","4":"has-post-thumbnail","6":"product_cat-vernetzte-steuerungen-de","8":"first","9":"instock","10":"taxable","11":"shipping-taxable","12":"purchasable","13":"product-type-variable"},"_links":{"self":[{"href":"https:\/\/shop.mrs-electronic.com\/de\/wp-json\/wp\/v2\/product\/17406","targetHints":{"allow":["GET"]}}],"collection":[{"href":"https:\/\/shop.mrs-electronic.com\/de\/wp-json\/wp\/v2\/product"}],"about":[{"href":"https:\/\/shop.mrs-electronic.com\/de\/wp-json\/wp\/v2\/types\/product"}],"wp:featuredmedia":[{"embeddable":true,"href":"https:\/\/shop.mrs-electronic.com\/de\/wp-json\/wp\/v2\/media\/17575"}],"wp:attachment":[{"href":"https:\/\/shop.mrs-electronic.com\/de\/wp-json\/wp\/v2\/media?parent=17406"}],"wp:term":[{"taxonomy":"product_brand","embeddable":true,"href":"https:\/\/shop.mrs-electronic.com\/de\/wp-json\/wp\/v2\/product_brand?post=17406"},{"taxonomy":"product_cat","embeddable":true,"href":"https:\/\/shop.mrs-electronic.com\/de\/wp-json\/wp\/v2\/product_cat?post=17406"},{"taxonomy":"product_tag","embeddable":true,"href":"https:\/\/shop.mrs-electronic.com\/de\/wp-json\/wp\/v2\/product_tag?post=17406"}],"curies":[{"name":"wp","href":"https:\/\/api.w.org\/{rel}","templated":true}]}}