{"id":17200,"date":"2024-06-07T14:29:56","date_gmt":"2024-06-07T11:29:56","guid":{"rendered":"https:\/\/shop.mrs-electronic.com\/product\/pcan-usb-fd-interface-2\/"},"modified":"2026-04-17T02:26:02","modified_gmt":"2026-04-17T00:26:02","slug":"pcan-usb-fd-interface","status":"publish","type":"product","link":"https:\/\/shop.mrs-electronic.com\/de\/produkt\/pcan-usb-fd-interface\/","title":{"rendered":"PCAN-USB\u00a0FD Interface"},"content":{"rendered":"<p>Der praktische PCAN-USB\u00a0FD Interface Kabelsatz stellt einfach und schnell die Verbindung zwischen CAN-Steuerungen, CAN-FD-Steuerungen und USB her und erm\u00f6glicht Ihnen dadurch eine unkomplizierte Anbindung an die CAN- und CAN-FD-Netzwerke. Das kompakte Kunststoffgeh\u00e4use r\u00fcstet den PCAN-USB\u00a0FD Interface Kabelsatz auch f\u00fcr den mobilen Einsatzbereich.<br \/>\nF\u00fcr weitere Informationen zu diesem Produkt wenden Sie sich bitte an unseren MRS Kundenservice.<\/p>\n","protected":false},"excerpt":{"rendered":"<p>Der praktische PCAN-USB\u00a0FD Interface Kabelsatz stellt einfach und schnell die Verbindung zwischen CAN-Steuerungen, CAN-FD-Steuerungen und USB her und erm\u00f6glicht Ihnen<\/p>\n","protected":false},"featured_media":17195,"template":"","meta":[],"product_brand":[],"product_cat":[764],"product_tag":[],"class_list":{"0":"post-17200","1":"product","2":"type-product","3":"status-publish","4":"has-post-thumbnail","6":"product_cat-kabelsaetze-de","8":"first","9":"instock","10":"taxable","11":"shipping-taxable","12":"purchasable","13":"product-type-variable"},"_links":{"self":[{"href":"https:\/\/shop.mrs-electronic.com\/de\/wp-json\/wp\/v2\/product\/17200","targetHints":{"allow":["GET"]}}],"collection":[{"href":"https:\/\/shop.mrs-electronic.com\/de\/wp-json\/wp\/v2\/product"}],"about":[{"href":"https:\/\/shop.mrs-electronic.com\/de\/wp-json\/wp\/v2\/types\/product"}],"wp:featuredmedia":[{"embeddable":true,"href":"https:\/\/shop.mrs-electronic.com\/de\/wp-json\/wp\/v2\/media\/17195"}],"wp:attachment":[{"href":"https:\/\/shop.mrs-electronic.com\/de\/wp-json\/wp\/v2\/media?parent=17200"}],"wp:term":[{"taxonomy":"product_brand","embeddable":true,"href":"https:\/\/shop.mrs-electronic.com\/de\/wp-json\/wp\/v2\/product_brand?post=17200"},{"taxonomy":"product_cat","embeddable":true,"href":"https:\/\/shop.mrs-electronic.com\/de\/wp-json\/wp\/v2\/product_cat?post=17200"},{"taxonomy":"product_tag","embeddable":true,"href":"https:\/\/shop.mrs-electronic.com\/de\/wp-json\/wp\/v2\/product_tag?post=17200"}],"curies":[{"name":"wp","href":"https:\/\/api.w.org\/{rel}","templated":true}]}}