{"id":17152,"date":"2024-06-07T14:29:30","date_gmt":"2024-06-07T11:29:30","guid":{"rendered":"https:\/\/shop.mrs-electronic.com\/product\/solid-state-relais-ssr-150-a-can\/"},"modified":"2026-04-21T02:25:44","modified_gmt":"2026-04-21T00:25:44","slug":"solid-state-relais-ssr-150-a-can","status":"publish","type":"product","link":"https:\/\/shop.mrs-electronic.com\/de\/produkt\/solid-state-relais-ssr-150-a-can\/","title":{"rendered":"Solid State Relais SSR 150 A CAN"},"content":{"rendered":"<p>Das leistungsstarke Solid State Relais SSR 150 A CAN ist f\u00fcr den Einsatz in Ihren Fahrzeugen und Maschinen mit einer Bordnetzspannung von 12 Volt und 24 Volt bestimmt und schaltet Verbraucher bis zu einer Leistung von 200 A. Damit eignet sich das Modul bestens f\u00fcr das Schalten von gro\u00dfen Lasten wie z. B. Heiz-, L\u00fcfter- oder K\u00fchlelementen im Agrar- oder Nutzfahrzeugbereich und ben\u00f6tigt dabei keinen K\u00fchlk\u00f6rper.<br \/>\nDie integrierte CAN-Schnittstelle dient Ihnen zur externen Ansteuerung, \u00dcberwachung und Diagnose. Der Schaltausgang kann als statischer Digitalausgang oder als stufenloser PWM-Ausgang bei einer Schaltfrequenz von bis zu 50 Hz angesteuert werden. Mithilfe der pr\u00e4zisen Strommessung und integrierten Schutzbeschaltung wird der Laststrom \u00fcberwacht und eine Kurzschlusserkennung erm\u00f6glicht. So werden kritische Zust\u00e4nde durch das Relais unterbrochen und Ihre Verbraucher gesch\u00fctzt.<br \/>\nInsgesamt zeichnet sich das Solid State Relais im Vergleich zu mechanischen Relais durch eine erh\u00f6hte Lebens- und Nutzungsdauer, ger\u00e4uschloses Schalten sowie keinen Verschlei\u00df aus.<\/p>\n","protected":false},"excerpt":{"rendered":"<p>Das leistungsstarke Solid State Relais SSR 150 A CAN ist f\u00fcr den Einsatz in Ihren Fahrzeugen und Maschinen mit einer<\/p>\n","protected":false},"featured_media":17143,"template":"","meta":[],"product_brand":[],"product_cat":[738],"product_tag":[],"class_list":{"0":"post-17152","1":"product","2":"type-product","3":"status-publish","4":"has-post-thumbnail","6":"product_cat-halbleiterrelais-de","8":"first","9":"instock","10":"taxable","11":"shipping-taxable","12":"purchasable","13":"product-type-variable"},"_links":{"self":[{"href":"https:\/\/shop.mrs-electronic.com\/de\/wp-json\/wp\/v2\/product\/17152","targetHints":{"allow":["GET"]}}],"collection":[{"href":"https:\/\/shop.mrs-electronic.com\/de\/wp-json\/wp\/v2\/product"}],"about":[{"href":"https:\/\/shop.mrs-electronic.com\/de\/wp-json\/wp\/v2\/types\/product"}],"wp:featuredmedia":[{"embeddable":true,"href":"https:\/\/shop.mrs-electronic.com\/de\/wp-json\/wp\/v2\/media\/17143"}],"wp:attachment":[{"href":"https:\/\/shop.mrs-electronic.com\/de\/wp-json\/wp\/v2\/media?parent=17152"}],"wp:term":[{"taxonomy":"product_brand","embeddable":true,"href":"https:\/\/shop.mrs-electronic.com\/de\/wp-json\/wp\/v2\/product_brand?post=17152"},{"taxonomy":"product_cat","embeddable":true,"href":"https:\/\/shop.mrs-electronic.com\/de\/wp-json\/wp\/v2\/product_cat?post=17152"},{"taxonomy":"product_tag","embeddable":true,"href":"https:\/\/shop.mrs-electronic.com\/de\/wp-json\/wp\/v2\/product_tag?post=17152"}],"curies":[{"name":"wp","href":"https:\/\/api.w.org\/{rel}","templated":true}]}}