{"id":17128,"date":"2024-06-07T13:29:22","date_gmt":"2024-06-07T11:29:22","guid":{"rendered":"https:\/\/shop.mrs-electronic.com\/product\/cc27wp-2\/"},"modified":"2026-04-17T02:25:56","modified_gmt":"2026-04-17T00:25:56","slug":"cc27wp","status":"publish","type":"product","link":"https:\/\/shop.mrs-electronic.com\/de\/produkt\/cc27wp\/","title":{"rendered":"CC27WP"},"content":{"rendered":"<p>Die CC27WP ist eine leistungsstarke und robuste 32-Bit Steuerung, die Ihnen in der Basis-Ausf\u00fchrung 27 Ein- und Ausg\u00e4nge bietet, von denen 16 frei konfigurierbare I\/Os mit Spannungs- und Stromdiagnose sind. Es stehen Ihnen 2 CAN-Schnittstellen sowie 4 Halbbr\u00fccken f\u00fcr die Ansteuerung von Gleichstrommotoren zur Verf\u00fcgung. Mit ihren 7 Multifunktionseing\u00e4ngen k\u00f6nnen Sie dar\u00fcber hinaus den Messbereich umschalten, die Frequenz messen oder einen zuschaltbaren Pull-Up Widerstand sowie eine zuschaltbare Stromsenke aktivieren.<br \/>\nDie Power-Erweiterung bietet Ihnen zus\u00e4tzlich 16 I\/Os sowie optional eine dritte CAN-Schnittstelle \u00fcber den M12-Stecker. Die CC27WP eignet sich besonders f\u00fcr Ihre Fahrzeuge mit vielen anzusteuernden Verbrauchern und hohen Laststr\u00f6men. Dabei kann die Steuerungseinheit mittels HMI-System zu einem bedienbaren System erweitert werden. Zus\u00e4tzlich verf\u00fcgt die CC27WP \u00fcber integrierte Strommessfunktionen an den I\/Os, die f\u00fcr Diagnosezwecke genutzt werden k\u00f6nnen.<\/p>\n","protected":false},"excerpt":{"rendered":"<p>Die CC27WP ist eine leistungsstarke und robuste 32-Bit Steuerung, die Ihnen in der Basis-Ausf\u00fchrung 27 Ein- und Ausg\u00e4nge bietet, von<\/p>\n","protected":false},"featured_media":17117,"template":"","meta":[],"product_brand":[],"product_cat":[728],"product_tag":[],"class_list":{"0":"post-17128","1":"product","2":"type-product","3":"status-publish","4":"has-post-thumbnail","6":"product_cat-vernetzte-steuerungen-de","8":"first","9":"instock","10":"taxable","11":"shipping-taxable","12":"purchasable","13":"product-type-variable"},"_links":{"self":[{"href":"https:\/\/shop.mrs-electronic.com\/de\/wp-json\/wp\/v2\/product\/17128","targetHints":{"allow":["GET"]}}],"collection":[{"href":"https:\/\/shop.mrs-electronic.com\/de\/wp-json\/wp\/v2\/product"}],"about":[{"href":"https:\/\/shop.mrs-electronic.com\/de\/wp-json\/wp\/v2\/types\/product"}],"wp:featuredmedia":[{"embeddable":true,"href":"https:\/\/shop.mrs-electronic.com\/de\/wp-json\/wp\/v2\/media\/17117"}],"wp:attachment":[{"href":"https:\/\/shop.mrs-electronic.com\/de\/wp-json\/wp\/v2\/media?parent=17128"}],"wp:term":[{"taxonomy":"product_brand","embeddable":true,"href":"https:\/\/shop.mrs-electronic.com\/de\/wp-json\/wp\/v2\/product_brand?post=17128"},{"taxonomy":"product_cat","embeddable":true,"href":"https:\/\/shop.mrs-electronic.com\/de\/wp-json\/wp\/v2\/product_cat?post=17128"},{"taxonomy":"product_tag","embeddable":true,"href":"https:\/\/shop.mrs-electronic.com\/de\/wp-json\/wp\/v2\/product_tag?post=17128"}],"curies":[{"name":"wp","href":"https:\/\/api.w.org\/{rel}","templated":true}]}}