{"id":17112,"date":"2024-06-07T14:25:08","date_gmt":"2024-06-07T11:25:08","guid":{"rendered":"https:\/\/shop.mrs-electronic.com\/product\/prop-can-2ch-2\/"},"modified":"2026-04-04T02:25:56","modified_gmt":"2026-04-04T00:25:56","slug":"prop-can-2ch","status":"publish","type":"product","link":"https:\/\/shop.mrs-electronic.com\/de\/produkt\/prop-can-2ch\/","title":{"rendered":"PROP CAN 2CH"},"content":{"rendered":"<p>Das 2 fach Proportionalventilsteuerger\u00e4t mit CAN-Bus dient Ihnen zur stetigen Ansteuerung zweier Verbraucher und wird insbesondere zur Regelung von Proportionalventilen eingesetzt. Es wird f\u00fcr viele hydraulische Anwendungen ben\u00f6tigt und realisiert aufgrund seiner zwei Ausg\u00e4nge doppelte Funktionalit\u00e4t bei gleichem Bauraum. CAN High-Speed erm\u00f6glicht Ihnen den Datenaustausch zwischen den Modulen und gew\u00e4hrleistet eine einfache Integration in Ihre bestehenden Systeme. Durch die mikrocontrollergesteuerte Stromregelung k\u00f6nnen Sie mittels Applikations-Software den gew\u00fcnschten Ausgangsstrom vorgeben.<br \/>\nAnsteuerung und Auslesen aller Werte ist per CAN-Bus m\u00f6glich. Schwankungen in der Versorgungsspannung und Temperatur werden kompensiert. Hierdurch ist eine konstante Durch\u00adflussmenge gew\u00e4hrleistet. Um ein Festsetzen des Ventils zu vermeiden, kann eine Ditherfrequenz eingestellt werden.<\/p>\n","protected":false},"excerpt":{"rendered":"<p>Das 2 fach Proportionalventilsteuerger\u00e4t mit CAN-Bus dient Ihnen zur stetigen Ansteuerung zweier Verbraucher und wird insbesondere zur Regelung von Proportionalventilen<\/p>\n","protected":false},"featured_media":17109,"template":"","meta":[],"product_brand":[],"product_cat":[728],"product_tag":[],"class_list":{"0":"post-17112","1":"product","2":"type-product","3":"status-publish","4":"has-post-thumbnail","6":"product_cat-vernetzte-steuerungen-de","8":"first","9":"instock","10":"taxable","11":"shipping-taxable","12":"purchasable","13":"product-type-variable"},"_links":{"self":[{"href":"https:\/\/shop.mrs-electronic.com\/de\/wp-json\/wp\/v2\/product\/17112","targetHints":{"allow":["GET"]}}],"collection":[{"href":"https:\/\/shop.mrs-electronic.com\/de\/wp-json\/wp\/v2\/product"}],"about":[{"href":"https:\/\/shop.mrs-electronic.com\/de\/wp-json\/wp\/v2\/types\/product"}],"wp:featuredmedia":[{"embeddable":true,"href":"https:\/\/shop.mrs-electronic.com\/de\/wp-json\/wp\/v2\/media\/17109"}],"wp:attachment":[{"href":"https:\/\/shop.mrs-electronic.com\/de\/wp-json\/wp\/v2\/media?parent=17112"}],"wp:term":[{"taxonomy":"product_brand","embeddable":true,"href":"https:\/\/shop.mrs-electronic.com\/de\/wp-json\/wp\/v2\/product_brand?post=17112"},{"taxonomy":"product_cat","embeddable":true,"href":"https:\/\/shop.mrs-electronic.com\/de\/wp-json\/wp\/v2\/product_cat?post=17112"},{"taxonomy":"product_tag","embeddable":true,"href":"https:\/\/shop.mrs-electronic.com\/de\/wp-json\/wp\/v2\/product_tag?post=17112"}],"curies":[{"name":"wp","href":"https:\/\/api.w.org\/{rel}","templated":true}]}}