{"id":17102,"date":"2024-06-07T14:12:36","date_gmt":"2024-06-07T11:12:36","guid":{"rendered":"https:\/\/shop.mrs-electronic.com\/product\/motorsteuerung-3ch-10-a\/"},"modified":"2026-04-30T02:25:17","modified_gmt":"2026-04-30T00:25:17","slug":"motorsteuerung-3ch-10-a","status":"publish","type":"product","link":"https:\/\/shop.mrs-electronic.com\/de\/produkt\/motorsteuerung-3ch-10-a\/","title":{"rendered":"Motorsteuerung 3CH 10 A"},"content":{"rendered":"<p>Mit der Motorsteuerung 3CH 10 A k\u00f6nnen Sie bis zu drei Gleichstrommotoren \u00fcber die Vollbr\u00fccken oder bis zu 6 Gleichstrommotoren \u00fcber Halbbr\u00fccken pr\u00e4zise ansteuern. Die integrierten Rampenfunktionen erm\u00f6glichen Ihnen ein sanftes Anfahren oder ein langsames Abbremsen der Motoren. Das Modul verf\u00fcgt zus\u00e4tzlich \u00fcber 8 konfigurierbare Multifunktionseing\u00e4nge sowie 2 stromgeregelte PWM-Ausg\u00e4nge z.B. f\u00fcr die Ansteuerung zweier hydraulischer Proportionalventile.<\/p>\n","protected":false},"excerpt":{"rendered":"<p>Mit der Motorsteuerung 3CH 10 A k\u00f6nnen Sie bis zu drei Gleichstrommotoren \u00fcber die Vollbr\u00fccken oder bis zu 6 Gleichstrommotoren<\/p>\n","protected":false},"featured_media":17095,"template":"","meta":[],"product_brand":[],"product_cat":[730],"product_tag":[],"class_list":{"0":"post-17102","1":"product","2":"type-product","3":"status-publish","4":"has-post-thumbnail","6":"product_cat-motorsteuerungen-de","8":"first","9":"instock","10":"taxable","11":"shipping-taxable","12":"purchasable","13":"product-type-variable"},"_links":{"self":[{"href":"https:\/\/shop.mrs-electronic.com\/de\/wp-json\/wp\/v2\/product\/17102","targetHints":{"allow":["GET"]}}],"collection":[{"href":"https:\/\/shop.mrs-electronic.com\/de\/wp-json\/wp\/v2\/product"}],"about":[{"href":"https:\/\/shop.mrs-electronic.com\/de\/wp-json\/wp\/v2\/types\/product"}],"wp:featuredmedia":[{"embeddable":true,"href":"https:\/\/shop.mrs-electronic.com\/de\/wp-json\/wp\/v2\/media\/17095"}],"wp:attachment":[{"href":"https:\/\/shop.mrs-electronic.com\/de\/wp-json\/wp\/v2\/media?parent=17102"}],"wp:term":[{"taxonomy":"product_brand","embeddable":true,"href":"https:\/\/shop.mrs-electronic.com\/de\/wp-json\/wp\/v2\/product_brand?post=17102"},{"taxonomy":"product_cat","embeddable":true,"href":"https:\/\/shop.mrs-electronic.com\/de\/wp-json\/wp\/v2\/product_cat?post=17102"},{"taxonomy":"product_tag","embeddable":true,"href":"https:\/\/shop.mrs-electronic.com\/de\/wp-json\/wp\/v2\/product_tag?post=17102"}],"curies":[{"name":"wp","href":"https:\/\/api.w.org\/{rel}","templated":true}]}}