{"id":17088,"date":"2024-06-07T13:45:38","date_gmt":"2024-06-07T10:45:38","guid":{"rendered":"https:\/\/shop.mrs-electronic.com\/product\/microplex-7h-2\/"},"modified":"2026-04-27T02:25:19","modified_gmt":"2026-04-27T00:25:19","slug":"microplex-7h","status":"publish","type":"product","link":"https:\/\/shop.mrs-electronic.com\/de\/produkt\/microplex-7h\/","title":{"rendered":"MicroPlex\u00ae 7H"},"content":{"rendered":"<p>Die patentierte MicroPlex\u00ae ist die kleinste CAN-Steuerung mit der h\u00f6chsten Integrationsdichte von MRS Electronic. Auf der Grundfl\u00e4che der 2 Micro 280-Relais k\u00f6nnen Sie ganz einfach eigene, CAN-Bus-f\u00e4hige Stromverteilungssysteme bauen. Die 7H-Variante besitzt insgesamt 7 High Side Driver Ausg\u00e4nge, welche die Versorgungsspannung schalten. Davon sind 6 PWM-f\u00e4hig. So passt sich die innovative MicroPlex\u00ae bestens Ihren Bed\u00fcrfnissen an.<br \/>\nDas Besondere, die MicroPlex\u00ae kann aus bisher einfachen ISO 280 Boxen sehr schnell und einfach ein intelligentes System mit einer CAN-Bus Kommunikation generieren. Mit der CAN-Schnittstelle erm\u00f6glicht Ihnen die MicroPlex\u00ae, Ihre bestehenden Systeme diagnosef\u00e4hig zu gestalten.<\/p>\n","protected":false},"excerpt":{"rendered":"<p>Die patentierte MicroPlex\u00ae ist die kleinste CAN-Steuerung mit der h\u00f6chsten Integrationsdichte von MRS Electronic. Auf der Grundfl\u00e4che der 2 Micro<\/p>\n","protected":false},"featured_media":17073,"template":"","meta":[],"product_brand":[],"product_cat":[728],"product_tag":[],"class_list":{"0":"post-17088","1":"product","2":"type-product","3":"status-publish","4":"has-post-thumbnail","6":"product_cat-vernetzte-steuerungen-de","8":"first","9":"instock","10":"taxable","11":"shipping-taxable","12":"purchasable","13":"product-type-variable"},"_links":{"self":[{"href":"https:\/\/shop.mrs-electronic.com\/de\/wp-json\/wp\/v2\/product\/17088","targetHints":{"allow":["GET"]}}],"collection":[{"href":"https:\/\/shop.mrs-electronic.com\/de\/wp-json\/wp\/v2\/product"}],"about":[{"href":"https:\/\/shop.mrs-electronic.com\/de\/wp-json\/wp\/v2\/types\/product"}],"wp:featuredmedia":[{"embeddable":true,"href":"https:\/\/shop.mrs-electronic.com\/de\/wp-json\/wp\/v2\/media\/17073"}],"wp:attachment":[{"href":"https:\/\/shop.mrs-electronic.com\/de\/wp-json\/wp\/v2\/media?parent=17088"}],"wp:term":[{"taxonomy":"product_brand","embeddable":true,"href":"https:\/\/shop.mrs-electronic.com\/de\/wp-json\/wp\/v2\/product_brand?post=17088"},{"taxonomy":"product_cat","embeddable":true,"href":"https:\/\/shop.mrs-electronic.com\/de\/wp-json\/wp\/v2\/product_cat?post=17088"},{"taxonomy":"product_tag","embeddable":true,"href":"https:\/\/shop.mrs-electronic.com\/de\/wp-json\/wp\/v2\/product_tag?post=17088"}],"curies":[{"name":"wp","href":"https:\/\/api.w.org\/{rel}","templated":true}]}}