{"id":17062,"date":"2024-06-07T13:45:16","date_gmt":"2024-06-07T10:45:16","guid":{"rendered":"https:\/\/shop.mrs-electronic.com\/product\/prop-can-2\/"},"modified":"2026-04-14T16:51:41","modified_gmt":"2026-04-14T14:51:41","slug":"prop-can","status":"publish","type":"product","link":"https:\/\/shop.mrs-electronic.com\/de\/produkt\/prop-can\/","title":{"rendered":"PROP CAN"},"content":{"rendered":"<p>Das Proportionalventilsteuerger\u00e4t mit CAN-Bus dient zur Durchflussmengenregelung eines Proportionalventils. Er wird f\u00fcr viele hydraulische Anwendungen ben\u00f6tigt. CAN High-Speed erm\u00f6glicht den Datenaustausch zwischen den Modulen und gew\u00e4hrleistet eine einfache Integration in bestehende Systeme. Durch die mikrocontrollergesteuerte Stromregelung kann mittels Applikations-Software der gew\u00fcnschte Ausgangsstrom vorgegeben werden.<br \/>\nAnsteuerung und Auslesen aller Werte per CAN-Bus m\u00f6glich. Schwankungen in der Versorgungsspannung und Temperatur werden kompensiert. Hierdurch ist eine konstante Durch\u00adflussmenge gew\u00e4hrleistet. Um ein Festsetzen des Ventils zu vermeiden, kann eine Ditherfrequenz (\u00fcberlagertes Rechteck mit geringerer Frequenz) eingestellt werden. Geh\u00e4useformen finden Sie im Kapitel Geh\u00e4use und Grundk\u00f6rper.<\/p>\n","protected":false},"excerpt":{"rendered":"<p>Das Proportionalventilsteuerger\u00e4t mit CAN-Bus dient zur Durchflussmengenregelung eines Proportionalventils. Er wird f\u00fcr viele hydraulische Anwendungen ben\u00f6tigt. CAN High-Speed erm\u00f6glicht den<\/p>\n","protected":false},"featured_media":16977,"template":"","meta":[],"product_brand":[],"product_cat":[728],"product_tag":[],"class_list":{"0":"post-17062","1":"product","2":"type-product","3":"status-publish","4":"has-post-thumbnail","6":"product_cat-vernetzte-steuerungen-de","8":"first","9":"instock","10":"taxable","11":"shipping-taxable","12":"purchasable","13":"product-type-variable"},"_links":{"self":[{"href":"https:\/\/shop.mrs-electronic.com\/de\/wp-json\/wp\/v2\/product\/17062","targetHints":{"allow":["GET"]}}],"collection":[{"href":"https:\/\/shop.mrs-electronic.com\/de\/wp-json\/wp\/v2\/product"}],"about":[{"href":"https:\/\/shop.mrs-electronic.com\/de\/wp-json\/wp\/v2\/types\/product"}],"wp:featuredmedia":[{"embeddable":true,"href":"https:\/\/shop.mrs-electronic.com\/de\/wp-json\/wp\/v2\/media\/16977"}],"wp:attachment":[{"href":"https:\/\/shop.mrs-electronic.com\/de\/wp-json\/wp\/v2\/media?parent=17062"}],"wp:term":[{"taxonomy":"product_brand","embeddable":true,"href":"https:\/\/shop.mrs-electronic.com\/de\/wp-json\/wp\/v2\/product_brand?post=17062"},{"taxonomy":"product_cat","embeddable":true,"href":"https:\/\/shop.mrs-electronic.com\/de\/wp-json\/wp\/v2\/product_cat?post=17062"},{"taxonomy":"product_tag","embeddable":true,"href":"https:\/\/shop.mrs-electronic.com\/de\/wp-json\/wp\/v2\/product_tag?post=17062"}],"curies":[{"name":"wp","href":"https:\/\/api.w.org\/{rel}","templated":true}]}}