{"id":17042,"date":"2024-06-07T13:45:09","date_gmt":"2024-06-07T10:45:09","guid":{"rendered":"https:\/\/shop.mrs-electronic.com\/product\/micro-sps-can-9-30-v\/"},"modified":"2026-04-14T16:51:41","modified_gmt":"2026-04-14T14:51:41","slug":"micro-sps-can-9-30-v","status":"publish","type":"product","link":"https:\/\/shop.mrs-electronic.com\/de\/produkt\/micro-sps-can-9-30-v\/","title":{"rendered":"Micro SPS CAN 9-30 V"},"content":{"rendered":"<p>Die Micro SPS CAN ist eine Kleinsteuerung f\u00fcr automotive Anwendungen. Freie Konfigurier- Parametrier- und Programmierbarkeit bieten vielf\u00e4ltige Einsatzm\u00f6glichkeiten im Kfz-Bereich. Ansteuerung und Auslesen erfolgen \u00fcber den CAN-Bus (ISO 11898-2). Zudem besitzt die Steuerung einen Freescale Prozessor mit Flash-Technologie (Option der Mehrfachprogrammierung). Es stehen 2 analoge und\/oder 1 analoger Eingang\/1 digitaler Ausgang sowie 2 \u00fcberlastsichere Highside Leistungsausg\u00e4nge (alternativ Relaisausgang) zur Verf\u00fcgung.<br \/>\nKomplexe Anwendungen k\u00f6nnen in C realisiert werden. Die Funktionen sowie die Messwerte sind \u00fcber den CAN-Bus steuer- und auslesbar. Die Programmierung ist \u00fcber die Software MRS Developers Studio, grafisch mit CAN graph m\u00f6glich. Durch die Verwendung des leistungsf\u00e4higen Prozessors ist die Micro SPS CAN open und SAE J1939 f\u00e4hig.<\/p>\n","protected":false},"excerpt":{"rendered":"<p>Die Micro SPS CAN ist eine Kleinsteuerung f\u00fcr automotive Anwendungen. Freie Konfigurier- Parametrier- und Programmierbarkeit bieten vielf\u00e4ltige Einsatzm\u00f6glichkeiten im Kfz-Bereich.<\/p>\n","protected":false},"featured_media":17576,"template":"","meta":[],"product_brand":[],"product_cat":[728],"product_tag":[],"class_list":{"0":"post-17042","1":"product","2":"type-product","3":"status-publish","4":"has-post-thumbnail","6":"product_cat-vernetzte-steuerungen-de","8":"first","9":"instock","10":"taxable","11":"shipping-taxable","12":"purchasable","13":"product-type-variable"},"_links":{"self":[{"href":"https:\/\/shop.mrs-electronic.com\/de\/wp-json\/wp\/v2\/product\/17042","targetHints":{"allow":["GET"]}}],"collection":[{"href":"https:\/\/shop.mrs-electronic.com\/de\/wp-json\/wp\/v2\/product"}],"about":[{"href":"https:\/\/shop.mrs-electronic.com\/de\/wp-json\/wp\/v2\/types\/product"}],"wp:featuredmedia":[{"embeddable":true,"href":"https:\/\/shop.mrs-electronic.com\/de\/wp-json\/wp\/v2\/media\/17576"}],"wp:attachment":[{"href":"https:\/\/shop.mrs-electronic.com\/de\/wp-json\/wp\/v2\/media?parent=17042"}],"wp:term":[{"taxonomy":"product_brand","embeddable":true,"href":"https:\/\/shop.mrs-electronic.com\/de\/wp-json\/wp\/v2\/product_brand?post=17042"},{"taxonomy":"product_cat","embeddable":true,"href":"https:\/\/shop.mrs-electronic.com\/de\/wp-json\/wp\/v2\/product_cat?post=17042"},{"taxonomy":"product_tag","embeddable":true,"href":"https:\/\/shop.mrs-electronic.com\/de\/wp-json\/wp\/v2\/product_tag?post=17042"}],"curies":[{"name":"wp","href":"https:\/\/api.w.org\/{rel}","templated":true}]}}