{"id":17030,"date":"2024-06-07T13:45:02","date_gmt":"2024-06-07T10:45:02","guid":{"rendered":"https:\/\/shop.mrs-electronic.com\/product\/starter-kit-universal-gateway-5x-can-freq-in\/"},"modified":"2026-04-20T02:26:02","modified_gmt":"2026-04-20T00:26:02","slug":"starter-kit-universal-gateway-5x-can-freq-in","status":"publish","type":"product","link":"https:\/\/shop.mrs-electronic.com\/de\/produkt\/starter-kit-universal-gateway-5x-can-freq-in\/","title":{"rendered":"Starter Kit &#8211; Universal Gateway 5x CAN Freq-IN"},"content":{"rendered":"<p>Das kompakte MRS Starter Kit \u2013 Universal Gateway 5x CAN FREQ-IN liefert alles, was Sie f\u00fcr Ihre erste Applikation mit MRS ben\u00f6tigen. Neben dem hochwertigen Universal Gateway 5x CAN FREQ-IN umfasst das Starter Kit die dazugeh\u00f6rige Software mit Programmieradapter, einen Kabelsatz und ein passgenaues Steckerpaket. Die beinhaltete Software mit Programmieradapter ist mit allen MRS CAN-Produkten kompatibel und kann f\u00fcr weitere Applikationen genutzt werden.<br \/>\nF\u00fcr weitere Informationen zu diesem Produkt wenden Sie sich bitte an unseren MRS Kundenservice.<\/p>\n","protected":false},"excerpt":{"rendered":"<p>Das kompakte MRS Starter Kit \u2013 Universal Gateway 5x CAN FREQ-IN liefert alles, was Sie f\u00fcr Ihre erste Applikation mit<\/p>\n","protected":false},"featured_media":17643,"template":"","meta":[],"product_brand":[],"product_cat":[762],"product_tag":[],"class_list":{"0":"post-17030","1":"product","2":"type-product","3":"status-publish","4":"has-post-thumbnail","6":"product_cat-starter-kits-de","8":"first","9":"instock","10":"taxable","11":"shipping-taxable","12":"purchasable","13":"product-type-variable"},"_links":{"self":[{"href":"https:\/\/shop.mrs-electronic.com\/de\/wp-json\/wp\/v2\/product\/17030","targetHints":{"allow":["GET"]}}],"collection":[{"href":"https:\/\/shop.mrs-electronic.com\/de\/wp-json\/wp\/v2\/product"}],"about":[{"href":"https:\/\/shop.mrs-electronic.com\/de\/wp-json\/wp\/v2\/types\/product"}],"wp:featuredmedia":[{"embeddable":true,"href":"https:\/\/shop.mrs-electronic.com\/de\/wp-json\/wp\/v2\/media\/17643"}],"wp:attachment":[{"href":"https:\/\/shop.mrs-electronic.com\/de\/wp-json\/wp\/v2\/media?parent=17030"}],"wp:term":[{"taxonomy":"product_brand","embeddable":true,"href":"https:\/\/shop.mrs-electronic.com\/de\/wp-json\/wp\/v2\/product_brand?post=17030"},{"taxonomy":"product_cat","embeddable":true,"href":"https:\/\/shop.mrs-electronic.com\/de\/wp-json\/wp\/v2\/product_cat?post=17030"},{"taxonomy":"product_tag","embeddable":true,"href":"https:\/\/shop.mrs-electronic.com\/de\/wp-json\/wp\/v2\/product_tag?post=17030"}],"curies":[{"name":"wp","href":"https:\/\/api.w.org\/{rel}","templated":true}]}}