{"id":17018,"date":"2024-06-07T13:44:57","date_gmt":"2024-06-07T10:44:57","guid":{"rendered":"https:\/\/shop.mrs-electronic.com\/product\/starter-kit-m2600-eco-can-sps\/"},"modified":"2026-04-05T02:26:04","modified_gmt":"2026-04-05T00:26:04","slug":"starter-kit-m2600-eco-can-sps","status":"publish","type":"product","link":"https:\/\/shop.mrs-electronic.com\/de\/produkt\/starter-kit-m2600-eco-can-sps\/","title":{"rendered":"Starter Kit &#8211; M2600 ECO CAN SPS"},"content":{"rendered":"<p>Das kompakte MRS Starter Kit &#8211; M2600 ECO CAN SPS liefert alles, was Sie f\u00fcr Ihre erste Applikation mit MRS ben\u00f6tigen. Neben der hochwertigen M2600 ECO CAN SPS umfasst das Starter Kit die dazugeh\u00f6rige Software mit Programmieradapter, einen Kabelsatz und ein passgenaues Steckerpaket. Die beinhaltete Software mit Programmieradapter ist mit allen MRS CAN-Produkten kompatibel und kann f\u00fcr weitere Applikationen genutzt werden.<br \/>\nF\u00fcr weitere Informationen zu diesem Produkt wenden Sie sich bitte an unseren MRS Kundenservice.<\/p>\n","protected":false},"excerpt":{"rendered":"<p>Das kompakte MRS Starter Kit &#8211; M2600 ECO CAN SPS liefert alles, was Sie f\u00fcr Ihre erste Applikation mit MRS<\/p>\n","protected":false},"featured_media":14458,"template":"","meta":[],"product_brand":[],"product_cat":[762],"product_tag":[],"class_list":{"0":"post-17018","1":"product","2":"type-product","3":"status-publish","4":"has-post-thumbnail","6":"product_cat-starter-kits-de","8":"first","9":"instock","10":"taxable","11":"shipping-taxable","12":"purchasable","13":"product-type-variable"},"_links":{"self":[{"href":"https:\/\/shop.mrs-electronic.com\/de\/wp-json\/wp\/v2\/product\/17018","targetHints":{"allow":["GET"]}}],"collection":[{"href":"https:\/\/shop.mrs-electronic.com\/de\/wp-json\/wp\/v2\/product"}],"about":[{"href":"https:\/\/shop.mrs-electronic.com\/de\/wp-json\/wp\/v2\/types\/product"}],"wp:featuredmedia":[{"embeddable":true,"href":"https:\/\/shop.mrs-electronic.com\/de\/wp-json\/wp\/v2\/media\/14458"}],"wp:attachment":[{"href":"https:\/\/shop.mrs-electronic.com\/de\/wp-json\/wp\/v2\/media?parent=17018"}],"wp:term":[{"taxonomy":"product_brand","embeddable":true,"href":"https:\/\/shop.mrs-electronic.com\/de\/wp-json\/wp\/v2\/product_brand?post=17018"},{"taxonomy":"product_cat","embeddable":true,"href":"https:\/\/shop.mrs-electronic.com\/de\/wp-json\/wp\/v2\/product_cat?post=17018"},{"taxonomy":"product_tag","embeddable":true,"href":"https:\/\/shop.mrs-electronic.com\/de\/wp-json\/wp\/v2\/product_tag?post=17018"}],"curies":[{"name":"wp","href":"https:\/\/api.w.org\/{rel}","templated":true}]}}