{"id":17000,"date":"2024-06-07T13:44:50","date_gmt":"2024-06-07T10:44:50","guid":{"rendered":"https:\/\/shop.mrs-electronic.com\/product\/starter-kit-micro-sps-can\/"},"modified":"2026-04-14T16:51:39","modified_gmt":"2026-04-14T14:51:39","slug":"starter-kit-micro-sps-can","status":"publish","type":"product","link":"https:\/\/shop.mrs-electronic.com\/de\/produkt\/starter-kit-micro-sps-can\/","title":{"rendered":"Starter Kit &#8211; Micro SPS CAN"},"content":{"rendered":"<p>Das kompakte MRS Starter Kit &#8211; Micro SPS CAN liefert alles, was Sie f\u00fcr Ihre erste Applikation mit MRS ben\u00f6tigen. Neben der hochwertigen Micro SPS CAN umfasst das Starter Kit die dazugeh\u00f6rige Software mit Programmieradapter, einen Kabelsatz und ein passgenaues Steckerpaket. Die beinhaltete Software mit Programmieradapter ist mit allen MRS CAN-Produkten kompatibel und kann f\u00fcr weitere Applikationen genutzt werden.<br \/>\nF\u00fcr weitere Informationen zu diesem Produkt wenden Sie sich bitte an unseren MRS Kundenservice.<\/p>\n","protected":false},"excerpt":{"rendered":"<p>Das kompakte MRS Starter Kit &#8211; Micro SPS CAN liefert alles, was Sie f\u00fcr Ihre erste Applikation mit MRS ben\u00f6tigen.<\/p>\n","protected":false},"featured_media":17575,"template":"","meta":[],"product_brand":[],"product_cat":[762],"product_tag":[],"class_list":{"0":"post-17000","1":"product","2":"type-product","3":"status-publish","4":"has-post-thumbnail","6":"product_cat-starter-kits-de","8":"first","9":"instock","10":"taxable","11":"shipping-taxable","12":"purchasable","13":"product-type-variable"},"_links":{"self":[{"href":"https:\/\/shop.mrs-electronic.com\/de\/wp-json\/wp\/v2\/product\/17000","targetHints":{"allow":["GET"]}}],"collection":[{"href":"https:\/\/shop.mrs-electronic.com\/de\/wp-json\/wp\/v2\/product"}],"about":[{"href":"https:\/\/shop.mrs-electronic.com\/de\/wp-json\/wp\/v2\/types\/product"}],"wp:featuredmedia":[{"embeddable":true,"href":"https:\/\/shop.mrs-electronic.com\/de\/wp-json\/wp\/v2\/media\/17575"}],"wp:attachment":[{"href":"https:\/\/shop.mrs-electronic.com\/de\/wp-json\/wp\/v2\/media?parent=17000"}],"wp:term":[{"taxonomy":"product_brand","embeddable":true,"href":"https:\/\/shop.mrs-electronic.com\/de\/wp-json\/wp\/v2\/product_brand?post=17000"},{"taxonomy":"product_cat","embeddable":true,"href":"https:\/\/shop.mrs-electronic.com\/de\/wp-json\/wp\/v2\/product_cat?post=17000"},{"taxonomy":"product_tag","embeddable":true,"href":"https:\/\/shop.mrs-electronic.com\/de\/wp-json\/wp\/v2\/product_tag?post=17000"}],"curies":[{"name":"wp","href":"https:\/\/api.w.org\/{rel}","templated":true}]}}