{"id":16960,"date":"2024-06-07T13:44:02","date_gmt":"2024-06-07T10:44:02","guid":{"rendered":"https:\/\/shop.mrs-electronic.com\/product\/software-programmiertool-mrs-realizer\/"},"modified":"2026-04-15T02:25:51","modified_gmt":"2026-04-15T00:25:51","slug":"software-programmiertool-mrs-realizer","status":"publish","type":"product","link":"https:\/\/shop.mrs-electronic.com\/de\/produkt\/software-programmiertool-mrs-realizer\/","title":{"rendered":"Software Programmiertool MRS Realizer"},"content":{"rendered":"<p>Der MRS Realizer ist das Programmiertool f\u00fcr die MRS Steuerungen ohne CAN-Schnittstelle, wie unsere M1, M3, Micro SPS und unseren Proportionalverst\u00e4rker. Die Parametrierung der Steuerungen ist einfach und schnell, da sie \u00fcber die Relaiskontakte erfolgt. Sie schlie\u00dfen das Modul lediglich an die Programmierstation an und das war&#8217;s! Das Geh\u00e4use muss nicht ge\u00f6ffnet werden. Mit dem MRS Realizer k\u00f6nnen Sie Ihre Projekte einfach organisieren und verwalten und vorprogrammierte Steuerungen anfordern, so dass Sie sich um die Programmierung nicht k\u00fcmmern m\u00fcssen.<br \/>\nZus\u00e4tzlich zu den vorgefertigten Programmen, die Sie parametrieren, k\u00f6nnen Sie \u00fcber die Z-Graph-Funktion ganz einfach Ihre eigenen Programme erstellen. Im Eagle\u00ae-basierten Z-Graph finden Sie grafische Funktionsbl\u00f6cke (basierend auf IEC61131). Sie k\u00f6nnen die neue Autodesk\u00ae Eagle\u00ae Version entsprechend Ihren Bed\u00fcrfnissen und Anforderungen herunterladen unter: http:\/\/www.autodesk.com\/products\/eagle\/overview. F\u00fcr die Anwendung mit unseren Produkten empfehlen wir die Eagle\u00ae Standard Version zu nutzen.<\/p>\n<p>F\u00fcr weitere Informationen zu diesem Produkt wenden Sie sich bitte an unseren MRS Kundenservice.<\/p>\n","protected":false},"excerpt":{"rendered":"<p>Der MRS Realizer ist das Programmiertool f\u00fcr die MRS Steuerungen ohne CAN-Schnittstelle, wie unsere M1, M3, Micro SPS und unseren<\/p>\n","protected":false},"featured_media":16958,"template":"","meta":[],"product_brand":[],"product_cat":[756],"product_tag":[],"class_list":{"0":"post-16960","1":"product","2":"type-product","3":"status-publish","4":"has-post-thumbnail","6":"product_cat-software-tools-de","8":"first","9":"instock","10":"taxable","11":"shipping-taxable","12":"purchasable","13":"product-type-variable"},"_links":{"self":[{"href":"https:\/\/shop.mrs-electronic.com\/de\/wp-json\/wp\/v2\/product\/16960","targetHints":{"allow":["GET"]}}],"collection":[{"href":"https:\/\/shop.mrs-electronic.com\/de\/wp-json\/wp\/v2\/product"}],"about":[{"href":"https:\/\/shop.mrs-electronic.com\/de\/wp-json\/wp\/v2\/types\/product"}],"wp:featuredmedia":[{"embeddable":true,"href":"https:\/\/shop.mrs-electronic.com\/de\/wp-json\/wp\/v2\/media\/16958"}],"wp:attachment":[{"href":"https:\/\/shop.mrs-electronic.com\/de\/wp-json\/wp\/v2\/media?parent=16960"}],"wp:term":[{"taxonomy":"product_brand","embeddable":true,"href":"https:\/\/shop.mrs-electronic.com\/de\/wp-json\/wp\/v2\/product_brand?post=16960"},{"taxonomy":"product_cat","embeddable":true,"href":"https:\/\/shop.mrs-electronic.com\/de\/wp-json\/wp\/v2\/product_cat?post=16960"},{"taxonomy":"product_tag","embeddable":true,"href":"https:\/\/shop.mrs-electronic.com\/de\/wp-json\/wp\/v2\/product_tag?post=16960"}],"curies":[{"name":"wp","href":"https:\/\/api.w.org\/{rel}","templated":true}]}}