{"id":16918,"date":"2024-06-07T13:40:28","date_gmt":"2024-06-07T10:40:28","guid":{"rendered":"https:\/\/shop.mrs-electronic.com\/product\/halbleiterrelais-ssr-15-a\/"},"modified":"2026-04-15T02:25:50","modified_gmt":"2026-04-15T00:25:50","slug":"halbleiterrelais-ssr-15-a","status":"publish","type":"product","link":"https:\/\/shop.mrs-electronic.com\/de\/produkt\/halbleiterrelais-ssr-15-a\/","title":{"rendered":"Halbleiterrelais SSR 15 A"},"content":{"rendered":"<p>Das MRS Halbleiterrelais SSR verf\u00fcgt \u00fcber eine hohe kapazitive und induktive Spitzenstrombelastbarkeit und eignet sich perfekt zum Schalten von ohmschen und induktiven Verbrauchern. Gegen\u00fcber mechanisch arbeitenden Relais besitzt das Halbleiterrelais keine beweglichen Kontakte und ist somit wartungs- und verschlei\u00dffrei. Die Aktivierung erfolgt ger\u00e4uschlos. Die Stromr\u00fccklesung \u00fcber den zus\u00e4tzlichen f\u00fcnften Pin bietet n\u00fctzliche Diagnosem\u00f6glichkeiten. Aufgrund der kompakt dimensionierten Baugr\u00f6\u00dfe und dem Steckerbild ist das Relais zu herk\u00f6mmlichen ISO-Mini-Relais kompatibel. Das Halbleiterrelais kann mit positiver oder negativer Ansteuerung bestellt werden.<\/p>\n","protected":false},"excerpt":{"rendered":"<p>Das MRS Halbleiterrelais SSR verf\u00fcgt \u00fcber eine hohe kapazitive und induktive Spitzenstrombelastbarkeit und eignet sich perfekt zum Schalten von ohmschen<\/p>\n","protected":false},"featured_media":17664,"template":"","meta":[],"product_brand":[],"product_cat":[738],"product_tag":[],"class_list":{"0":"post-16918","1":"product","2":"type-product","3":"status-publish","4":"has-post-thumbnail","6":"product_cat-halbleiterrelais-de","8":"first","9":"instock","10":"taxable","11":"shipping-taxable","12":"purchasable","13":"product-type-variable"},"_links":{"self":[{"href":"https:\/\/shop.mrs-electronic.com\/de\/wp-json\/wp\/v2\/product\/16918","targetHints":{"allow":["GET"]}}],"collection":[{"href":"https:\/\/shop.mrs-electronic.com\/de\/wp-json\/wp\/v2\/product"}],"about":[{"href":"https:\/\/shop.mrs-electronic.com\/de\/wp-json\/wp\/v2\/types\/product"}],"wp:featuredmedia":[{"embeddable":true,"href":"https:\/\/shop.mrs-electronic.com\/de\/wp-json\/wp\/v2\/media\/17664"}],"wp:attachment":[{"href":"https:\/\/shop.mrs-electronic.com\/de\/wp-json\/wp\/v2\/media?parent=16918"}],"wp:term":[{"taxonomy":"product_brand","embeddable":true,"href":"https:\/\/shop.mrs-electronic.com\/de\/wp-json\/wp\/v2\/product_brand?post=16918"},{"taxonomy":"product_cat","embeddable":true,"href":"https:\/\/shop.mrs-electronic.com\/de\/wp-json\/wp\/v2\/product_cat?post=16918"},{"taxonomy":"product_tag","embeddable":true,"href":"https:\/\/shop.mrs-electronic.com\/de\/wp-json\/wp\/v2\/product_tag?post=16918"}],"curies":[{"name":"wp","href":"https:\/\/api.w.org\/{rel}","templated":true}]}}