{"id":16890,"date":"2024-06-07T12:40:18","date_gmt":"2024-06-07T10:40:18","guid":{"rendered":"https:\/\/shop.mrs-electronic.com\/product\/can-io-sps-waterproof\/"},"modified":"2026-04-05T02:26:02","modified_gmt":"2026-04-05T00:26:02","slug":"can-io-sps-wp","status":"publish","type":"product","link":"https:\/\/shop.mrs-electronic.com\/de\/produkt\/can-io-sps-wp\/","title":{"rendered":"CAN I\/O SPS WP"},"content":{"rendered":"<p>Die vielseitige und wasserdichte CAN I\/O SPS WP mit 14 Ein- und Ausg\u00e4ngen mit einem Betriebsspannungsbereich von 9 bis 32 Volt \u00fcberzeugt mit ihrem kompakten Design. Sie bietet 8 I\/Os, die als Ein- oder Ausg\u00e4nge konfiguriert werden k\u00f6nnen und 6 Analogeing\u00e4nge. Optional bietet sie mit dem 5 Volt Referenzausgang die M\u00f6glichkeit, weitere Sensoren mit Spannung zu versorgen. Sie ist komplett softwarekompatibel zur CAN I\/O SPS (1.033.30x.xx) und ist die passende Alternative, wenn ein IP68 Schutz ben\u00f6tigt wird. Sie ist staubdicht, bietet einen vollst\u00e4ndigen Schutz gegen Ber\u00fchrung und auch einen Schutz gegen dauerndes Untertauchen. Das kleine Modul \u00fcberzeugt mit den vielen verschiedenen Best\u00fcckungsvarianten. Das perfekt dimensionierte Geh\u00e4use ist ideal geeignet f\u00fcr enge Einbaur\u00e4ume.<br \/>\nDie CAN Steuerung kann einerseits als I\/O Modul in einem CAN-Netzwerk eingesetzt werden, und andererseits als eigenst\u00e4ndige und intelligente SPS. Das vielseitigste Produkt des Produktportfolios von MRS Electronic kann sehr flexibel in allen denkbaren Applikationen eingesetzt werden, in denen Steuerungsprozesse umgesetzt werden m\u00fcssen. Mit der grafischen Programmierbarkeit mit dem MRS Developers Studio k\u00f6nnen Sie Ihre Funktion sogar selbst, schnell und einfach programmieren. F\u00fcr komplexere Applikationen kann es ebenfalls \u00fcber C-Code programmiert werden. Dieses Modul ist mit einer CAN-Schnittstelle ausgestattet und kann aber auch noch zus\u00e4tzlich mit einer RS232 oder eine RS485 Schnittstelle best\u00fcckt werden. Dadurch kann ein Datenaustausch (Gateway) zwischen CAN und der Seriellen Schnittstelle hergestellt werden.<\/p>\n","protected":false},"excerpt":{"rendered":"<p>Die vielseitige und wasserdichte CAN I\/O SPS WP mit 14 Ein- und Ausg\u00e4ngen mit einem Betriebsspannungsbereich von 9 bis 32<\/p>\n","protected":false},"featured_media":16887,"template":"","meta":[],"product_brand":[],"product_cat":[728],"product_tag":[],"class_list":{"0":"post-16890","1":"product","2":"type-product","3":"status-publish","4":"has-post-thumbnail","6":"product_cat-vernetzte-steuerungen-de","8":"first","9":"instock","10":"taxable","11":"shipping-taxable","12":"purchasable","13":"product-type-variable"},"_links":{"self":[{"href":"https:\/\/shop.mrs-electronic.com\/de\/wp-json\/wp\/v2\/product\/16890","targetHints":{"allow":["GET"]}}],"collection":[{"href":"https:\/\/shop.mrs-electronic.com\/de\/wp-json\/wp\/v2\/product"}],"about":[{"href":"https:\/\/shop.mrs-electronic.com\/de\/wp-json\/wp\/v2\/types\/product"}],"wp:featuredmedia":[{"embeddable":true,"href":"https:\/\/shop.mrs-electronic.com\/de\/wp-json\/wp\/v2\/media\/16887"}],"wp:attachment":[{"href":"https:\/\/shop.mrs-electronic.com\/de\/wp-json\/wp\/v2\/media?parent=16890"}],"wp:term":[{"taxonomy":"product_brand","embeddable":true,"href":"https:\/\/shop.mrs-electronic.com\/de\/wp-json\/wp\/v2\/product_brand?post=16890"},{"taxonomy":"product_cat","embeddable":true,"href":"https:\/\/shop.mrs-electronic.com\/de\/wp-json\/wp\/v2\/product_cat?post=16890"},{"taxonomy":"product_tag","embeddable":true,"href":"https:\/\/shop.mrs-electronic.com\/de\/wp-json\/wp\/v2\/product_tag?post=16890"}],"curies":[{"name":"wp","href":"https:\/\/api.w.org\/{rel}","templated":true}]}}