{"id":16880,"date":"2024-06-07T13:40:14","date_gmt":"2024-06-07T10:40:14","guid":{"rendered":"https:\/\/shop.mrs-electronic.com\/product\/can-relais-box\/"},"modified":"2026-04-14T02:25:58","modified_gmt":"2026-04-14T00:25:58","slug":"can-relais-box","status":"publish","type":"product","link":"https:\/\/shop.mrs-electronic.com\/de\/produkt\/can-relais-box\/","title":{"rendered":"CAN Relais Box"},"content":{"rendered":"<p>Die CAN Relais Box ist das passende Produkt, um potenzialfreie Schaltausgangssignale schalten zu k\u00f6nnen. Die Signalpotenziale k\u00f6nnen individuell f\u00fcr Ihre Applikation festgelegt werden. Die zw\u00f6lf potenzialfreien Relais k\u00f6nnen \u00fcber CAN-Botschaften aktiviert und deaktiviert werden. Das Modul kann auch als eigenst\u00e4ndige SPS oder als I\/O-Modul in ein Netzwerk integriert werden.<\/p>\n","protected":false},"excerpt":{"rendered":"<p>Die CAN Relais Box ist das passende Produkt, um potenzialfreie Schaltausgangssignale schalten zu k\u00f6nnen. Die Signalpotenziale k\u00f6nnen individuell f\u00fcr Ihre<\/p>\n","protected":false},"featured_media":17639,"template":"","meta":[],"product_brand":[],"product_cat":[728],"product_tag":[],"class_list":{"0":"post-16880","1":"product","2":"type-product","3":"status-publish","4":"has-post-thumbnail","6":"product_cat-vernetzte-steuerungen-de","8":"first","9":"instock","10":"taxable","11":"shipping-taxable","12":"purchasable","13":"product-type-variable"},"_links":{"self":[{"href":"https:\/\/shop.mrs-electronic.com\/de\/wp-json\/wp\/v2\/product\/16880","targetHints":{"allow":["GET"]}}],"collection":[{"href":"https:\/\/shop.mrs-electronic.com\/de\/wp-json\/wp\/v2\/product"}],"about":[{"href":"https:\/\/shop.mrs-electronic.com\/de\/wp-json\/wp\/v2\/types\/product"}],"wp:featuredmedia":[{"embeddable":true,"href":"https:\/\/shop.mrs-electronic.com\/de\/wp-json\/wp\/v2\/media\/17639"}],"wp:attachment":[{"href":"https:\/\/shop.mrs-electronic.com\/de\/wp-json\/wp\/v2\/media?parent=16880"}],"wp:term":[{"taxonomy":"product_brand","embeddable":true,"href":"https:\/\/shop.mrs-electronic.com\/de\/wp-json\/wp\/v2\/product_brand?post=16880"},{"taxonomy":"product_cat","embeddable":true,"href":"https:\/\/shop.mrs-electronic.com\/de\/wp-json\/wp\/v2\/product_cat?post=16880"},{"taxonomy":"product_tag","embeddable":true,"href":"https:\/\/shop.mrs-electronic.com\/de\/wp-json\/wp\/v2\/product_tag?post=16880"}],"curies":[{"name":"wp","href":"https:\/\/api.w.org\/{rel}","templated":true}]}}