{"id":16866,"date":"2024-06-07T13:39:58","date_gmt":"2024-06-07T10:39:58","guid":{"rendered":"https:\/\/shop.mrs-electronic.com\/product\/schaltschrankadapter-ohne-relais\/"},"modified":"2026-04-04T02:25:48","modified_gmt":"2026-04-04T00:25:48","slug":"schaltschrankadapter-ohne-relais","status":"publish","type":"product","link":"https:\/\/shop.mrs-electronic.com\/de\/produkt\/schaltschrankadapter-ohne-relais\/","title":{"rendered":"Schaltschrankadapter ohne Relais"},"content":{"rendered":"<p>Mit 12 \/ 24 V Signalen k\u00f6nnen Ein- sowie Ausg\u00e4nge auf den Eingangsklemmen des Schaltschrankadapters geschaltet werden.<br \/>\nF\u00fcr weitere Informationen zu diesem Produkt wenden Sie sich bitte an unseren MRS Kundenservice.<\/p>\n","protected":false},"excerpt":{"rendered":"<p>Mit 12 \/ 24 V Signalen k\u00f6nnen Ein- sowie Ausg\u00e4nge auf den Eingangsklemmen des Schaltschrankadapters geschaltet werden. F\u00fcr weitere Informationen<\/p>\n","protected":false},"featured_media":16863,"template":"","meta":[],"product_brand":[],"product_cat":[760],"product_tag":[],"class_list":{"0":"post-16866","1":"product","2":"type-product","3":"status-publish","4":"has-post-thumbnail","6":"product_cat-stecksockel-de","8":"first","9":"instock","10":"taxable","11":"shipping-taxable","12":"purchasable","13":"product-type-variable"},"_links":{"self":[{"href":"https:\/\/shop.mrs-electronic.com\/de\/wp-json\/wp\/v2\/product\/16866","targetHints":{"allow":["GET"]}}],"collection":[{"href":"https:\/\/shop.mrs-electronic.com\/de\/wp-json\/wp\/v2\/product"}],"about":[{"href":"https:\/\/shop.mrs-electronic.com\/de\/wp-json\/wp\/v2\/types\/product"}],"wp:featuredmedia":[{"embeddable":true,"href":"https:\/\/shop.mrs-electronic.com\/de\/wp-json\/wp\/v2\/media\/16863"}],"wp:attachment":[{"href":"https:\/\/shop.mrs-electronic.com\/de\/wp-json\/wp\/v2\/media?parent=16866"}],"wp:term":[{"taxonomy":"product_brand","embeddable":true,"href":"https:\/\/shop.mrs-electronic.com\/de\/wp-json\/wp\/v2\/product_brand?post=16866"},{"taxonomy":"product_cat","embeddable":true,"href":"https:\/\/shop.mrs-electronic.com\/de\/wp-json\/wp\/v2\/product_cat?post=16866"},{"taxonomy":"product_tag","embeddable":true,"href":"https:\/\/shop.mrs-electronic.com\/de\/wp-json\/wp\/v2\/product_tag?post=16866"}],"curies":[{"name":"wp","href":"https:\/\/api.w.org\/{rel}","templated":true}]}}