{"id":16858,"date":"2024-06-07T13:39:54","date_gmt":"2024-06-07T10:39:54","guid":{"rendered":"https:\/\/shop.mrs-electronic.com\/product\/proportionalverstaerker-9-30-v\/"},"modified":"2026-04-04T02:25:48","modified_gmt":"2026-04-04T00:25:48","slug":"proportionalverstaerker-9-30-v","status":"publish","type":"product","link":"https:\/\/shop.mrs-electronic.com\/de\/produkt\/proportionalverstaerker-9-30-v\/","title":{"rendered":"Proportionalverst\u00e4rker 9-30 V"},"content":{"rendered":"<p>Die Proportionalventilsteuerung dient zur Durchflussmengenregelung eines Proportionalventils. Er wird f\u00fcr viele hydraulische Anwendungen ben\u00f6tigt. Durch die Mikrocontrollergesteuerte Stromregelung kann \u00fcber den Sollwert 0 &#8211; 10 Volt oder 0 &#8211; 20 mA ein konstanter Ausgangsstrom eingestellt werden. Somit werden Schwankungen in der Versorgungs\u00adspannung und Temperatur kompensiert. Hierdurch ist eine konstante Durchflussmenge gew\u00e4hrleistet. Um ein Festsetzen des Ventils zu vermeiden, kann eine Ditherfrequenz (\u00fcberlagertes Rechteck mit geringerer Frequenz) eingestellt werden. Die Steuerung kann mit und ohne Potentiometer bestellt werden.<\/p>\n","protected":false},"excerpt":{"rendered":"<p>Die Proportionalventilsteuerung dient zur Durchflussmengenregelung eines Proportionalventils. Er wird f\u00fcr viele hydraulische Anwendungen ben\u00f6tigt. Durch die Mikrocontrollergesteuerte Stromregelung kann \u00fcber<\/p>\n","protected":false},"featured_media":17631,"template":"","meta":[],"product_brand":[],"product_cat":[732],"product_tag":[],"class_list":{"0":"post-16858","1":"product","2":"type-product","3":"status-publish","4":"has-post-thumbnail","6":"product_cat-sps-steuerungen-de","8":"first","9":"instock","10":"taxable","11":"shipping-taxable","12":"purchasable","13":"product-type-variable"},"_links":{"self":[{"href":"https:\/\/shop.mrs-electronic.com\/de\/wp-json\/wp\/v2\/product\/16858","targetHints":{"allow":["GET"]}}],"collection":[{"href":"https:\/\/shop.mrs-electronic.com\/de\/wp-json\/wp\/v2\/product"}],"about":[{"href":"https:\/\/shop.mrs-electronic.com\/de\/wp-json\/wp\/v2\/types\/product"}],"wp:featuredmedia":[{"embeddable":true,"href":"https:\/\/shop.mrs-electronic.com\/de\/wp-json\/wp\/v2\/media\/17631"}],"wp:attachment":[{"href":"https:\/\/shop.mrs-electronic.com\/de\/wp-json\/wp\/v2\/media?parent=16858"}],"wp:term":[{"taxonomy":"product_brand","embeddable":true,"href":"https:\/\/shop.mrs-electronic.com\/de\/wp-json\/wp\/v2\/product_brand?post=16858"},{"taxonomy":"product_cat","embeddable":true,"href":"https:\/\/shop.mrs-electronic.com\/de\/wp-json\/wp\/v2\/product_cat?post=16858"},{"taxonomy":"product_tag","embeddable":true,"href":"https:\/\/shop.mrs-electronic.com\/de\/wp-json\/wp\/v2\/product_tag?post=16858"}],"curies":[{"name":"wp","href":"https:\/\/api.w.org\/{rel}","templated":true}]}}