{"id":16836,"date":"2024-06-07T13:39:48","date_gmt":"2024-06-07T10:39:48","guid":{"rendered":"https:\/\/shop.mrs-electronic.com\/product\/steuerung-m1-24v\/"},"modified":"2026-04-16T02:25:43","modified_gmt":"2026-04-16T00:25:43","slug":"steuerung-m1-24v","status":"publish","type":"product","link":"https:\/\/shop.mrs-electronic.com\/de\/produkt\/steuerung-m1-24v\/","title":{"rendered":"Steuerung M1 24 V"},"content":{"rendered":"<p>Die Steuerung M1 mit einer Betriebsspannung von 24 V ist ein kleine, leistungsstarke und kosteng\u00fcnstige Steuerung. Neben dem kompakten Zeitrelais gibt es in dieser Kompaktversion ein Impulsrelais, ein Schrittschaltrelais, einen Blinkgeber, sowie andere Funktionen auf Anfrage. Die genannten Funktionen sind standardm\u00e4\u00dfig hinterlegt und m\u00fcssen nur noch konfiguriert und parametriert werden. Selbstverst\u00e4ndlich k\u00f6nnen die Standardfunktionen auch direkt bestellt werden.<\/p>\n","protected":false},"excerpt":{"rendered":"<p>Die Steuerung M1 mit einer Betriebsspannung von 24 V ist ein kleine, leistungsstarke und kosteng\u00fcnstige Steuerung. Neben dem kompakten Zeitrelais<\/p>\n","protected":false},"featured_media":17591,"template":"","meta":[],"product_brand":[],"product_cat":[732],"product_tag":[],"class_list":{"0":"post-16836","1":"product","2":"type-product","3":"status-publish","4":"has-post-thumbnail","6":"product_cat-sps-steuerungen-de","8":"first","9":"instock","10":"taxable","11":"shipping-taxable","12":"purchasable","13":"product-type-variable"},"_links":{"self":[{"href":"https:\/\/shop.mrs-electronic.com\/de\/wp-json\/wp\/v2\/product\/16836","targetHints":{"allow":["GET"]}}],"collection":[{"href":"https:\/\/shop.mrs-electronic.com\/de\/wp-json\/wp\/v2\/product"}],"about":[{"href":"https:\/\/shop.mrs-electronic.com\/de\/wp-json\/wp\/v2\/types\/product"}],"wp:featuredmedia":[{"embeddable":true,"href":"https:\/\/shop.mrs-electronic.com\/de\/wp-json\/wp\/v2\/media\/17591"}],"wp:attachment":[{"href":"https:\/\/shop.mrs-electronic.com\/de\/wp-json\/wp\/v2\/media?parent=16836"}],"wp:term":[{"taxonomy":"product_brand","embeddable":true,"href":"https:\/\/shop.mrs-electronic.com\/de\/wp-json\/wp\/v2\/product_brand?post=16836"},{"taxonomy":"product_cat","embeddable":true,"href":"https:\/\/shop.mrs-electronic.com\/de\/wp-json\/wp\/v2\/product_cat?post=16836"},{"taxonomy":"product_tag","embeddable":true,"href":"https:\/\/shop.mrs-electronic.com\/de\/wp-json\/wp\/v2\/product_tag?post=16836"}],"curies":[{"name":"wp","href":"https:\/\/api.w.org\/{rel}","templated":true}]}}