{"id":16804,"date":"2024-06-07T12:39:36","date_gmt":"2024-06-07T10:39:36","guid":{"rendered":"https:\/\/shop.mrs-electronic.com\/product\/frequenzwaechter-24v\/"},"modified":"2026-04-09T02:25:44","modified_gmt":"2026-04-09T00:25:44","slug":"frequenzwaechter-24v","status":"publish","type":"product","link":"https:\/\/shop.mrs-electronic.com\/de\/produkt\/frequenzwaechter-24v\/","title":{"rendered":"Frequenzw\u00e4chter 24 V"},"content":{"rendered":"<p>Der Frequenzw\u00e4chter schaltet Verbraucher bei \u00dcber- oder Unterschreiten bestimmter Schwellfrequenz an Klemme 15 ab. Die Frequenz\u00adschwellen k\u00f6nnen zwischen 3 Hz und 1.000 Hz frei gew\u00e4hlt werden. Verz\u00f6gerungszeiten sind ebenfalls m\u00f6glich. Geh\u00e4useformen finden Sie im Kapitel Geh\u00e4use und Grundk\u00f6rper.<\/p>\n","protected":false},"excerpt":{"rendered":"<p>Der Frequenzw\u00e4chter schaltet Verbraucher bei \u00dcber- oder Unterschreiten bestimmter Schwellfrequenz an Klemme 15 ab. Die Frequenz\u00adschwellen k\u00f6nnen zwischen 3 Hz<\/p>\n","protected":false},"featured_media":16790,"template":"","meta":[],"product_brand":[],"product_cat":[748],"product_tag":[],"class_list":{"0":"post-16804","1":"product","2":"type-product","3":"status-publish","4":"has-post-thumbnail","6":"product_cat-frequenzwaechter-de","8":"first","9":"instock","10":"taxable","11":"shipping-taxable","12":"purchasable","13":"product-type-variable"},"_links":{"self":[{"href":"https:\/\/shop.mrs-electronic.com\/de\/wp-json\/wp\/v2\/product\/16804","targetHints":{"allow":["GET"]}}],"collection":[{"href":"https:\/\/shop.mrs-electronic.com\/de\/wp-json\/wp\/v2\/product"}],"about":[{"href":"https:\/\/shop.mrs-electronic.com\/de\/wp-json\/wp\/v2\/types\/product"}],"wp:featuredmedia":[{"embeddable":true,"href":"https:\/\/shop.mrs-electronic.com\/de\/wp-json\/wp\/v2\/media\/16790"}],"wp:attachment":[{"href":"https:\/\/shop.mrs-electronic.com\/de\/wp-json\/wp\/v2\/media?parent=16804"}],"wp:term":[{"taxonomy":"product_brand","embeddable":true,"href":"https:\/\/shop.mrs-electronic.com\/de\/wp-json\/wp\/v2\/product_brand?post=16804"},{"taxonomy":"product_cat","embeddable":true,"href":"https:\/\/shop.mrs-electronic.com\/de\/wp-json\/wp\/v2\/product_cat?post=16804"},{"taxonomy":"product_tag","embeddable":true,"href":"https:\/\/shop.mrs-electronic.com\/de\/wp-json\/wp\/v2\/product_tag?post=16804"}],"curies":[{"name":"wp","href":"https:\/\/api.w.org\/{rel}","templated":true}]}}