{"id":16778,"date":"2024-06-07T13:32:13","date_gmt":"2024-06-07T10:32:13","guid":{"rendered":"https:\/\/shop.mrs-electronic.com\/product\/einstecklasche-fuer-gehaeuse\/"},"modified":"2026-04-20T02:25:55","modified_gmt":"2026-04-20T00:25:55","slug":"einstecklasche-fuer-gehaeuse","status":"publish","type":"product","link":"https:\/\/shop.mrs-electronic.com\/de\/produkt\/einstecklasche-fuer-gehaeuse\/","title":{"rendered":"Einstecklasche f\u00fcr Geh\u00e4use"},"content":{"rendered":"<p>Die Einstecklasche erm\u00f6glicht eine flexible Montage des Relaisgeh\u00e4uses. Mittels eines raffinierten Einstecksystems werden die Geh\u00e4use mit M6 Schrauben an der gew\u00fcnschten Position m\u00fchelos angebracht.<br \/>\nF\u00fcr weitere Informationen zu diesem Produkt wenden Sie sich bitte an unseren MRS Kundenservice.<\/p>\n","protected":false},"excerpt":{"rendered":"<p>Die Einstecklasche erm\u00f6glicht eine flexible Montage des Relaisgeh\u00e4uses. Mittels eines raffinierten Einstecksystems werden die Geh\u00e4use mit M6 Schrauben an der<\/p>\n","protected":false},"featured_media":16775,"template":"","meta":[],"product_brand":[],"product_cat":[766],"product_tag":[],"class_list":{"0":"post-16778","1":"product","2":"type-product","3":"status-publish","4":"has-post-thumbnail","6":"product_cat-gehaeuse-und-bodenplatten-de","8":"first","9":"instock","10":"taxable","11":"shipping-taxable","12":"purchasable","13":"product-type-variable"},"_links":{"self":[{"href":"https:\/\/shop.mrs-electronic.com\/de\/wp-json\/wp\/v2\/product\/16778","targetHints":{"allow":["GET"]}}],"collection":[{"href":"https:\/\/shop.mrs-electronic.com\/de\/wp-json\/wp\/v2\/product"}],"about":[{"href":"https:\/\/shop.mrs-electronic.com\/de\/wp-json\/wp\/v2\/types\/product"}],"wp:featuredmedia":[{"embeddable":true,"href":"https:\/\/shop.mrs-electronic.com\/de\/wp-json\/wp\/v2\/media\/16775"}],"wp:attachment":[{"href":"https:\/\/shop.mrs-electronic.com\/de\/wp-json\/wp\/v2\/media?parent=16778"}],"wp:term":[{"taxonomy":"product_brand","embeddable":true,"href":"https:\/\/shop.mrs-electronic.com\/de\/wp-json\/wp\/v2\/product_brand?post=16778"},{"taxonomy":"product_cat","embeddable":true,"href":"https:\/\/shop.mrs-electronic.com\/de\/wp-json\/wp\/v2\/product_cat?post=16778"},{"taxonomy":"product_tag","embeddable":true,"href":"https:\/\/shop.mrs-electronic.com\/de\/wp-json\/wp\/v2\/product_tag?post=16778"}],"curies":[{"name":"wp","href":"https:\/\/api.w.org\/{rel}","templated":true}]}}