{"id":16756,"date":"2024-06-07T12:32:04","date_gmt":"2024-06-07T10:32:04","guid":{"rendered":"https:\/\/shop.mrs-electronic.com\/product\/stecksockel-wasserdicht-25-mm-relaistyp-cb1\/"},"modified":"2026-04-11T02:25:50","modified_gmt":"2026-04-11T00:25:50","slug":"stecksockel-wasserdicht-25-mm-relaistyp-cb1","status":"publish","type":"product","link":"https:\/\/shop.mrs-electronic.com\/de\/produkt\/stecksockel-wasserdicht-25-mm-relaistyp-cb1\/","title":{"rendered":"Stecksockel wasserdicht 25 mm &#8211; Relaistyp CB1"},"content":{"rendered":"<p>Das Steckerpaket von MRS liefert Ihnen das notwendige Zubeh\u00f6r f\u00fcr Ihren wasserdichten Stecksockel f\u00fcr MRS Relais. Je nach Modul erm\u00f6glicht es Ihnen die Schutzklasse bis zu IP6K8. Das Paket beinhaltet neben dem robusten Sockel auch die passenden Crimpkontakte. F\u00fcr die Undurchl\u00e4ssigkeit sorgen der mitgelieferte Spannb\u00fcgel (H\u00f6he: 25 mm), die Dichtmatte sowie die Einzeladerdichtungen. F\u00fcr weitere Informationen zu diesem Produkt wenden Sie sich bitte an unseren MRS Kundenservice.<br \/>\n*Versandhinweis: Bei einer Bestellmenge bis 49 St\u00fcck werden die Steckerpakete einzeln verpackt und versendet. Bei Bestellmengen ab 50 St\u00fcck werden die einzelnen Komponenten als Sch\u00fcttgut verpackt.<\/p>\n","protected":false},"excerpt":{"rendered":"<p>Das Steckerpaket von MRS liefert Ihnen das notwendige Zubeh\u00f6r f\u00fcr Ihren wasserdichten Stecksockel f\u00fcr MRS Relais. Je nach Modul erm\u00f6glicht<\/p>\n","protected":false},"featured_media":16751,"template":"","meta":[],"product_brand":[],"product_cat":[760],"product_tag":[],"class_list":{"0":"post-16756","1":"product","2":"type-product","3":"status-publish","4":"has-post-thumbnail","6":"product_cat-stecksockel-de","8":"first","9":"instock","10":"taxable","11":"shipping-taxable","12":"purchasable","13":"product-type-variable"},"_links":{"self":[{"href":"https:\/\/shop.mrs-electronic.com\/de\/wp-json\/wp\/v2\/product\/16756","targetHints":{"allow":["GET"]}}],"collection":[{"href":"https:\/\/shop.mrs-electronic.com\/de\/wp-json\/wp\/v2\/product"}],"about":[{"href":"https:\/\/shop.mrs-electronic.com\/de\/wp-json\/wp\/v2\/types\/product"}],"wp:featuredmedia":[{"embeddable":true,"href":"https:\/\/shop.mrs-electronic.com\/de\/wp-json\/wp\/v2\/media\/16751"}],"wp:attachment":[{"href":"https:\/\/shop.mrs-electronic.com\/de\/wp-json\/wp\/v2\/media?parent=16756"}],"wp:term":[{"taxonomy":"product_brand","embeddable":true,"href":"https:\/\/shop.mrs-electronic.com\/de\/wp-json\/wp\/v2\/product_brand?post=16756"},{"taxonomy":"product_cat","embeddable":true,"href":"https:\/\/shop.mrs-electronic.com\/de\/wp-json\/wp\/v2\/product_cat?post=16756"},{"taxonomy":"product_tag","embeddable":true,"href":"https:\/\/shop.mrs-electronic.com\/de\/wp-json\/wp\/v2\/product_tag?post=16756"}],"curies":[{"name":"wp","href":"https:\/\/api.w.org\/{rel}","templated":true}]}}