{"id":16732,"date":"2024-06-07T13:31:54","date_gmt":"2024-06-07T10:31:54","guid":{"rendered":"https:\/\/shop.mrs-electronic.com\/product\/stecksockel-h-fl-9pol-2-x-95-3-x-63-4-x-28\/"},"modified":"2026-04-14T16:51:32","modified_gmt":"2026-04-14T14:51:32","slug":"stecksockel-h-fl-9pol-2-x-95-3-x-63-4-x-28","status":"publish","type":"product","link":"https:\/\/shop.mrs-electronic.com\/de\/produkt\/stecksockel-h-fl-9pol-2-x-95-3-x-63-4-x-28\/","title":{"rendered":"Stecksockel H FL 9pol. 2 x 9.5 \/ 3 x 6.3 \/ 4 x 2.8"},"content":{"rendered":"<p>Der kompakte und hochwertige 9-polige MRS Stecksockel H FL 9pol. 2&#215;9.5 \/ 3&#215;6.3 \/ 4&#215;2.8 eignet sich perfekt f\u00fcr Ihre Applikation in Verwendung mit MRS Relais. Nutzen Sie den Stecksockel um die passenden Flachsteckh\u00fclsen zu integrieren und anschlie\u00dfend die Verkabelung zu fixieren.<br \/>\nF\u00fcr weitere Informationen zu diesem Produkt wenden Sie sich bitte an unseren MRS Kundenservice.<\/p>\n","protected":false},"excerpt":{"rendered":"<p>Der kompakte und hochwertige 9-polige MRS Stecksockel H FL 9pol. 2&#215;9.5 \/ 3&#215;6.3 \/ 4&#215;2.8 eignet sich perfekt f\u00fcr Ihre<\/p>\n","protected":false},"featured_media":16727,"template":"","meta":[],"product_brand":[],"product_cat":[760],"product_tag":[],"class_list":{"0":"post-16732","1":"product","2":"type-product","3":"status-publish","4":"has-post-thumbnail","6":"product_cat-stecksockel-de","8":"first","9":"instock","10":"taxable","11":"shipping-taxable","12":"purchasable","13":"product-type-variable"},"_links":{"self":[{"href":"https:\/\/shop.mrs-electronic.com\/de\/wp-json\/wp\/v2\/product\/16732","targetHints":{"allow":["GET"]}}],"collection":[{"href":"https:\/\/shop.mrs-electronic.com\/de\/wp-json\/wp\/v2\/product"}],"about":[{"href":"https:\/\/shop.mrs-electronic.com\/de\/wp-json\/wp\/v2\/types\/product"}],"wp:featuredmedia":[{"embeddable":true,"href":"https:\/\/shop.mrs-electronic.com\/de\/wp-json\/wp\/v2\/media\/16727"}],"wp:attachment":[{"href":"https:\/\/shop.mrs-electronic.com\/de\/wp-json\/wp\/v2\/media?parent=16732"}],"wp:term":[{"taxonomy":"product_brand","embeddable":true,"href":"https:\/\/shop.mrs-electronic.com\/de\/wp-json\/wp\/v2\/product_brand?post=16732"},{"taxonomy":"product_cat","embeddable":true,"href":"https:\/\/shop.mrs-electronic.com\/de\/wp-json\/wp\/v2\/product_cat?post=16732"},{"taxonomy":"product_tag","embeddable":true,"href":"https:\/\/shop.mrs-electronic.com\/de\/wp-json\/wp\/v2\/product_tag?post=16732"}],"curies":[{"name":"wp","href":"https:\/\/api.w.org\/{rel}","templated":true}]}}