{"id":15265,"date":"2024-06-02T20:09:22","date_gmt":"2024-06-02T18:09:22","guid":{"rendered":"https:\/\/staging-shop.mrs-electronic.com\/product\/mconn-mini-2\/"},"modified":"2026-04-15T02:25:56","modified_gmt":"2026-04-15T00:25:56","slug":"mconn-mini-can-display","status":"publish","type":"product","link":"https:\/\/shop.mrs-electronic.com\/de\/produkt\/mconn-mini-can-display\/","title":{"rendered":"MConn Mini CAN Display"},"content":{"rendered":"<p>Das MRS MConn Mini ist mit seinem 2,4 Zoll gro\u00dfen Farbdisplay das Kleinste der MConn Reihe. Das Produkt kann ganz nach Ihren Anforderungen programmiert werden, ist dadurch vielseitig einsetzbar und eignet sich u. a. bestens als Display au\u00dferhalb der Fahrerkabine. Den 4 kapazitiven Buttons k\u00f6nnen Sie Ihre gew\u00fcnschten Funktionen frei zuweisen.<br \/>\nAls kosteneffiziente L\u00f6sung dient das MConn Mini in der Regel zur Erfassung und Anzeige von Sensordaten auf dem Display. Einzelne Werte k\u00f6nnen in den internen Speicher geschrieben werden. Mithilfe eines Lichtsensors misst das Display au\u00dferdem die Lichtwerte der Umgebung und reguliert dadurch die Hintergrundbeleuchtung.<\/p>\n<p>Das MConn Mini gibt es auch als Variante mit einem wasserdichten M12-Stecker und ist dadurch noch besser gegen \u00e4u\u00dfere Einfl\u00fcsse gesch\u00fctzt.<\/p>\n","protected":false},"excerpt":{"rendered":"<p>Das MRS MConn Mini ist mit seinem 2,4 Zoll gro\u00dfen Farbdisplay das Kleinste der MConn Reihe. Das Produkt kann ganz<\/p>\n","protected":false},"featured_media":15261,"template":"","meta":[],"product_brand":[],"product_cat":[754],"product_tag":[],"class_list":{"0":"post-15265","1":"product","2":"type-product","3":"status-publish","4":"has-post-thumbnail","6":"product_cat-hmi-systeme-de","8":"first","9":"instock","10":"taxable","11":"shipping-taxable","12":"purchasable","13":"product-type-variable"},"_links":{"self":[{"href":"https:\/\/shop.mrs-electronic.com\/de\/wp-json\/wp\/v2\/product\/15265","targetHints":{"allow":["GET"]}}],"collection":[{"href":"https:\/\/shop.mrs-electronic.com\/de\/wp-json\/wp\/v2\/product"}],"about":[{"href":"https:\/\/shop.mrs-electronic.com\/de\/wp-json\/wp\/v2\/types\/product"}],"wp:featuredmedia":[{"embeddable":true,"href":"https:\/\/shop.mrs-electronic.com\/de\/wp-json\/wp\/v2\/media\/15261"}],"wp:attachment":[{"href":"https:\/\/shop.mrs-electronic.com\/de\/wp-json\/wp\/v2\/media?parent=15265"}],"wp:term":[{"taxonomy":"product_brand","embeddable":true,"href":"https:\/\/shop.mrs-electronic.com\/de\/wp-json\/wp\/v2\/product_brand?post=15265"},{"taxonomy":"product_cat","embeddable":true,"href":"https:\/\/shop.mrs-electronic.com\/de\/wp-json\/wp\/v2\/product_cat?post=15265"},{"taxonomy":"product_tag","embeddable":true,"href":"https:\/\/shop.mrs-electronic.com\/de\/wp-json\/wp\/v2\/product_tag?post=15265"}],"curies":[{"name":"wp","href":"https:\/\/api.w.org\/{rel}","templated":true}]}}