{"id":15146,"date":"2024-04-30T14:45:50","date_gmt":"2024-04-30T12:45:50","guid":{"rendered":"https:\/\/staging-shop.mrs-electronic.com\/product\/steckerpaket-fuer-9pol-relais\/"},"modified":"2026-04-30T02:25:21","modified_gmt":"2026-04-30T00:25:21","slug":"steckerpaket-fuer-9pol-relais","status":"publish","type":"product","link":"https:\/\/shop.mrs-electronic.com\/de\/produkt\/steckerpaket-fuer-9pol-relais\/","title":{"rendered":"Steckerpaket f\u00fcr 9pol. Relais"},"content":{"rendered":"<p>Das Steckerpaket von MRS liefert Ihnen das notwendige Zubeh\u00f6r f\u00fcr den Stecksockel Ihres 9 poligen Relais. Das Paket beinhaltet neben dem robusten Sockel (ST FL 9pol. 5&#215;6.3 \/ 4&#215;2.8) auch die passenden Flachsteckh\u00fclsen. F\u00fcr weitere Informationen zu diesem Produkt wenden Sie sich bitte an unseren MRS Kundenservice.<br \/>\n*Versandhinweis: Bei einer Bestellmenge bis 49 St\u00fcck werden die Steckerpakete einzeln verpackt und versendet. Bei Bestellmengen ab 50 St\u00fcck werden die einzelnen Komponenten als Sch\u00fcttgut verpackt.<\/p>\n","protected":false},"excerpt":{"rendered":"<p>Das Steckerpaket von MRS liefert Ihnen das notwendige Zubeh\u00f6r f\u00fcr den Stecksockel Ihres 9 poligen Relais. Das Paket beinhaltet neben<\/p>\n","protected":false},"featured_media":15143,"template":"","meta":[],"product_brand":[],"product_cat":[768],"product_tag":[],"class_list":{"0":"post-15146","1":"product","2":"type-product","3":"status-publish","4":"has-post-thumbnail","6":"product_cat-steckerpakete-de","8":"first","9":"instock","10":"taxable","11":"shipping-taxable","12":"purchasable","13":"product-type-variable"},"_links":{"self":[{"href":"https:\/\/shop.mrs-electronic.com\/de\/wp-json\/wp\/v2\/product\/15146","targetHints":{"allow":["GET"]}}],"collection":[{"href":"https:\/\/shop.mrs-electronic.com\/de\/wp-json\/wp\/v2\/product"}],"about":[{"href":"https:\/\/shop.mrs-electronic.com\/de\/wp-json\/wp\/v2\/types\/product"}],"wp:featuredmedia":[{"embeddable":true,"href":"https:\/\/shop.mrs-electronic.com\/de\/wp-json\/wp\/v2\/media\/15143"}],"wp:attachment":[{"href":"https:\/\/shop.mrs-electronic.com\/de\/wp-json\/wp\/v2\/media?parent=15146"}],"wp:term":[{"taxonomy":"product_brand","embeddable":true,"href":"https:\/\/shop.mrs-electronic.com\/de\/wp-json\/wp\/v2\/product_brand?post=15146"},{"taxonomy":"product_cat","embeddable":true,"href":"https:\/\/shop.mrs-electronic.com\/de\/wp-json\/wp\/v2\/product_cat?post=15146"},{"taxonomy":"product_tag","embeddable":true,"href":"https:\/\/shop.mrs-electronic.com\/de\/wp-json\/wp\/v2\/product_tag?post=15146"}],"curies":[{"name":"wp","href":"https:\/\/api.w.org\/{rel}","templated":true}]}}