{"id":15134,"date":"2024-04-30T15:45:46","date_gmt":"2024-04-30T12:45:46","guid":{"rendered":"https:\/\/staging-shop.mrs-electronic.com\/product\/crimpkontakt-fci-sicma-15-mm-10-2-mm2\/"},"modified":"2026-04-05T02:26:13","modified_gmt":"2026-04-05T00:26:13","slug":"crimpkontakt-fci-sicma-15-mm-10-2-mm2","status":"publish","type":"product","link":"https:\/\/shop.mrs-electronic.com\/de\/produkt\/crimpkontakt-fci-sicma-15-mm-10-2-mm2\/","title":{"rendered":"Crimpkontakt FCI Sicma 1,5 mm 1,0 \u2013 2 mm\u00b2"},"content":{"rendered":"<p>Der Crimpkontakt 1,5 mm von MRS ist bei Kabelquerschnittsbereichen von 1,0 \u2013 2,0 mm\u00b2 einsetzbar. Dieser Crimpkontakt gew\u00e4hrleistet Ihnen eine hohe elektrische und mechanische Sicherheit. Zugeh\u00f6rig zum Steckerpacket f\u00fcr CAN I\/O SPS Waterproof PRO und geeignet f\u00fcr die Anwendung mit folgenden MRS Steuerungen: CAN I\/O SPS WP, CAN I\/O SPS WP PRO V2, Motorsteuerung 30 A CAN. Profitieren Sie von der erheblichen Vereinfachung, die die Handhabung mit sich bringt.<br \/>\nF\u00fcr weitere Informationen zu diesem Produkt wenden Sie sich bitte an unseren MRS Kundenservice.<\/p>\n","protected":false},"excerpt":{"rendered":"<p>Der Crimpkontakt 1,5 mm von MRS ist bei Kabelquerschnittsbereichen von 1,0 \u2013 2,0 mm\u00b2 einsetzbar. Dieser Crimpkontakt gew\u00e4hrleistet Ihnen eine<\/p>\n","protected":false},"featured_media":15131,"template":"","meta":[],"product_brand":[],"product_cat":[770],"product_tag":[],"class_list":{"0":"post-15134","1":"product","2":"type-product","3":"status-publish","4":"has-post-thumbnail","6":"product_cat-crimpkontakte-de","8":"first","9":"instock","10":"taxable","11":"shipping-taxable","12":"purchasable","13":"product-type-variable"},"_links":{"self":[{"href":"https:\/\/shop.mrs-electronic.com\/de\/wp-json\/wp\/v2\/product\/15134","targetHints":{"allow":["GET"]}}],"collection":[{"href":"https:\/\/shop.mrs-electronic.com\/de\/wp-json\/wp\/v2\/product"}],"about":[{"href":"https:\/\/shop.mrs-electronic.com\/de\/wp-json\/wp\/v2\/types\/product"}],"wp:featuredmedia":[{"embeddable":true,"href":"https:\/\/shop.mrs-electronic.com\/de\/wp-json\/wp\/v2\/media\/15131"}],"wp:attachment":[{"href":"https:\/\/shop.mrs-electronic.com\/de\/wp-json\/wp\/v2\/media?parent=15134"}],"wp:term":[{"taxonomy":"product_brand","embeddable":true,"href":"https:\/\/shop.mrs-electronic.com\/de\/wp-json\/wp\/v2\/product_brand?post=15134"},{"taxonomy":"product_cat","embeddable":true,"href":"https:\/\/shop.mrs-electronic.com\/de\/wp-json\/wp\/v2\/product_cat?post=15134"},{"taxonomy":"product_tag","embeddable":true,"href":"https:\/\/shop.mrs-electronic.com\/de\/wp-json\/wp\/v2\/product_tag?post=15134"}],"curies":[{"name":"wp","href":"https:\/\/api.w.org\/{rel}","templated":true}]}}