{"id":15122,"date":"2024-04-30T15:45:42","date_gmt":"2024-04-30T12:45:42","guid":{"rendered":"https:\/\/staging-shop.mrs-electronic.com\/product\/kabelsatz-can-gateway-modul-can-relais-box\/"},"modified":"2026-04-30T02:25:21","modified_gmt":"2026-04-30T00:25:21","slug":"kabelsatz-can-gateway-modul-can-relais-box","status":"publish","type":"product","link":"https:\/\/shop.mrs-electronic.com\/de\/produkt\/kabelsatz-can-gateway-modul-can-relais-box\/","title":{"rendered":"Kabelsatz CAN Gateway Modul \/ CAN Relais Box"},"content":{"rendered":"<p>Der MRS Kabelsatz (L\u00e4nge ca. 30 cm) wird f\u00fcr die Programmierung folgender MRS Produkte ben\u00f6tigt: CAN Gateway Modul \/ CAN Relais Box. Verbinden Sie einfach Ihre MRS Steuerung durch den passenden MRS Kabelsatz \u00fcber einen D-Sub-Steckverbinder mit dem PCAN-USB Interface (auch kompatibel mit Peak oder Vector Interfaces) und starten Sie die Programmierung Ihrer individuellen Applikation.<br \/>\nF\u00fcr weitere Informationen zu diesem Produkt wenden Sie sich bitte an unseren MRS Kundenservice.<\/p>\n","protected":false},"excerpt":{"rendered":"<p>Der MRS Kabelsatz (L\u00e4nge ca. 30 cm) wird f\u00fcr die Programmierung folgender MRS Produkte ben\u00f6tigt: CAN Gateway Modul \/ CAN<\/p>\n","protected":false},"featured_media":15119,"template":"","meta":[],"product_brand":[],"product_cat":[764],"product_tag":[],"class_list":{"0":"post-15122","1":"product","2":"type-product","3":"status-publish","4":"has-post-thumbnail","6":"product_cat-kabelsaetze-de","8":"first","9":"instock","10":"taxable","11":"shipping-taxable","12":"purchasable","13":"product-type-variable"},"_links":{"self":[{"href":"https:\/\/shop.mrs-electronic.com\/de\/wp-json\/wp\/v2\/product\/15122","targetHints":{"allow":["GET"]}}],"collection":[{"href":"https:\/\/shop.mrs-electronic.com\/de\/wp-json\/wp\/v2\/product"}],"about":[{"href":"https:\/\/shop.mrs-electronic.com\/de\/wp-json\/wp\/v2\/types\/product"}],"wp:featuredmedia":[{"embeddable":true,"href":"https:\/\/shop.mrs-electronic.com\/de\/wp-json\/wp\/v2\/media\/15119"}],"wp:attachment":[{"href":"https:\/\/shop.mrs-electronic.com\/de\/wp-json\/wp\/v2\/media?parent=15122"}],"wp:term":[{"taxonomy":"product_brand","embeddable":true,"href":"https:\/\/shop.mrs-electronic.com\/de\/wp-json\/wp\/v2\/product_brand?post=15122"},{"taxonomy":"product_cat","embeddable":true,"href":"https:\/\/shop.mrs-electronic.com\/de\/wp-json\/wp\/v2\/product_cat?post=15122"},{"taxonomy":"product_tag","embeddable":true,"href":"https:\/\/shop.mrs-electronic.com\/de\/wp-json\/wp\/v2\/product_tag?post=15122"}],"curies":[{"name":"wp","href":"https:\/\/api.w.org\/{rel}","templated":true}]}}