{"id":15088,"date":"2024-04-30T14:45:31","date_gmt":"2024-04-30T12:45:31","guid":{"rendered":"https:\/\/staging-shop.mrs-electronic.com\/product\/steckerpaket-m2600-eco-can-sps\/"},"modified":"2026-04-04T02:25:59","modified_gmt":"2026-04-04T00:25:59","slug":"steckerpaket-m2600-eco-can-sps-cc27wp","status":"publish","type":"product","link":"https:\/\/shop.mrs-electronic.com\/de\/produkt\/steckerpaket-m2600-eco-can-sps-cc27wp\/","title":{"rendered":"Steckerpaket M2600 ECO CAN SPS \/ CC27WP"},"content":{"rendered":"<p>Das Steckerpaket von MRS liefert Ihnen das notwendige Zubeh\u00f6r f\u00fcr den Steckeranschluss Ihrer M2600 ECO CAN SPS sowie Ihrer CC27WP. Das Paket beinhaltet neben dem robusten Gegenstecker auch die passenden Crimpkontakte. Den geeigneten MRS Kabelsatz finden Sie unter Zubeh\u00f6r. F\u00fcr weitere Informationen zu diesem Produkt wenden Sie sich bitte an unseren MRS Kundenservice.<br \/>\n*Versandhinweis: Bei einer Bestellmenge bis 49 St\u00fcck werden die Steckerpakete einzeln verpackt und versendet. Bei Bestellmengen ab 50 St\u00fcck werden die einzelnen Komponenten als Sch\u00fcttgut verpackt.<\/p>\n","protected":false},"excerpt":{"rendered":"<p>Das Steckerpaket von MRS liefert Ihnen das notwendige Zubeh\u00f6r f\u00fcr den Steckeranschluss Ihrer M2600 ECO CAN SPS sowie Ihrer CC27WP.<\/p>\n","protected":false},"featured_media":15085,"template":"","meta":[],"product_brand":[],"product_cat":[768],"product_tag":[],"class_list":{"0":"post-15088","1":"product","2":"type-product","3":"status-publish","4":"has-post-thumbnail","6":"product_cat-steckerpakete-de","8":"first","9":"instock","10":"taxable","11":"shipping-taxable","12":"purchasable","13":"product-type-variable"},"_links":{"self":[{"href":"https:\/\/shop.mrs-electronic.com\/de\/wp-json\/wp\/v2\/product\/15088","targetHints":{"allow":["GET"]}}],"collection":[{"href":"https:\/\/shop.mrs-electronic.com\/de\/wp-json\/wp\/v2\/product"}],"about":[{"href":"https:\/\/shop.mrs-electronic.com\/de\/wp-json\/wp\/v2\/types\/product"}],"wp:featuredmedia":[{"embeddable":true,"href":"https:\/\/shop.mrs-electronic.com\/de\/wp-json\/wp\/v2\/media\/15085"}],"wp:attachment":[{"href":"https:\/\/shop.mrs-electronic.com\/de\/wp-json\/wp\/v2\/media?parent=15088"}],"wp:term":[{"taxonomy":"product_brand","embeddable":true,"href":"https:\/\/shop.mrs-electronic.com\/de\/wp-json\/wp\/v2\/product_brand?post=15088"},{"taxonomy":"product_cat","embeddable":true,"href":"https:\/\/shop.mrs-electronic.com\/de\/wp-json\/wp\/v2\/product_cat?post=15088"},{"taxonomy":"product_tag","embeddable":true,"href":"https:\/\/shop.mrs-electronic.com\/de\/wp-json\/wp\/v2\/product_tag?post=15088"}],"curies":[{"name":"wp","href":"https:\/\/api.w.org\/{rel}","templated":true}]}}