{"id":15082,"date":"2024-04-30T15:45:30","date_gmt":"2024-04-30T12:45:30","guid":{"rendered":"https:\/\/staging-shop.mrs-electronic.com\/product\/070-series-multilock-kontakt-05-14-mm2\/"},"modified":"2026-04-27T02:25:24","modified_gmt":"2026-04-27T00:25:24","slug":"070-series-multilock-kontakt-05-14-mm2","status":"publish","type":"product","link":"https:\/\/shop.mrs-electronic.com\/de\/produkt\/070-series-multilock-kontakt-05-14-mm2\/","title":{"rendered":"0.70 Series Multilock-Kontakt 0,5 \u2013 1,4 mm\u00b2"},"content":{"rendered":"<p>Der 0.70 Series Multilock Kontakt von MRS ist f\u00fcr Kabelquerschnittsbereiche von 0,5 \u2013 1,4mm\u00b2 einsetzbar. Dieser Multilock-Kontakt gew\u00e4hrleistet Ihnen eine hohe elektrische und mechanische Sicherheit. Den Crimpkontakt k\u00f6nnen Sie bei uns zusammen mit dem Steckerpaket (109203) oder separat f\u00fcr die Anwendung des Universal Gateway 5x CAN beziehen. Profitieren Sie von der erheblichen Vereinfachung, welche die Handhabung mit sich bringt.<br \/>\nF\u00fcr weitere Informationen zu diesem Produkt wenden Sie sich bitte an unseren MRS Kundenservice.<\/p>\n","protected":false},"excerpt":{"rendered":"<p>Der 0.70 Series Multilock Kontakt von MRS ist f\u00fcr Kabelquerschnittsbereiche von 0,5 \u2013 1,4mm\u00b2 einsetzbar. Dieser Multilock-Kontakt gew\u00e4hrleistet Ihnen eine<\/p>\n","protected":false},"featured_media":15079,"template":"","meta":[],"product_brand":[],"product_cat":[770],"product_tag":[],"class_list":{"0":"post-15082","1":"product","2":"type-product","3":"status-publish","4":"has-post-thumbnail","6":"product_cat-crimpkontakte-de","8":"first","9":"instock","10":"taxable","11":"shipping-taxable","12":"purchasable","13":"product-type-variable"},"_links":{"self":[{"href":"https:\/\/shop.mrs-electronic.com\/de\/wp-json\/wp\/v2\/product\/15082","targetHints":{"allow":["GET"]}}],"collection":[{"href":"https:\/\/shop.mrs-electronic.com\/de\/wp-json\/wp\/v2\/product"}],"about":[{"href":"https:\/\/shop.mrs-electronic.com\/de\/wp-json\/wp\/v2\/types\/product"}],"wp:featuredmedia":[{"embeddable":true,"href":"https:\/\/shop.mrs-electronic.com\/de\/wp-json\/wp\/v2\/media\/15079"}],"wp:attachment":[{"href":"https:\/\/shop.mrs-electronic.com\/de\/wp-json\/wp\/v2\/media?parent=15082"}],"wp:term":[{"taxonomy":"product_brand","embeddable":true,"href":"https:\/\/shop.mrs-electronic.com\/de\/wp-json\/wp\/v2\/product_brand?post=15082"},{"taxonomy":"product_cat","embeddable":true,"href":"https:\/\/shop.mrs-electronic.com\/de\/wp-json\/wp\/v2\/product_cat?post=15082"},{"taxonomy":"product_tag","embeddable":true,"href":"https:\/\/shop.mrs-electronic.com\/de\/wp-json\/wp\/v2\/product_tag?post=15082"}],"curies":[{"name":"wp","href":"https:\/\/api.w.org\/{rel}","templated":true}]}}