{"id":15070,"date":"2024-04-30T15:45:26","date_gmt":"2024-04-30T12:45:26","guid":{"rendered":"https:\/\/staging-shop.mrs-electronic.com\/product\/flachsteckhuelse-48-mm-05-10-mm2\/"},"modified":"2026-04-15T02:26:00","modified_gmt":"2026-04-15T00:26:00","slug":"flachsteckhuelse-48-mm-05-10-mm2","status":"publish","type":"product","link":"https:\/\/shop.mrs-electronic.com\/de\/produkt\/flachsteckhuelse-48-mm-05-10-mm2\/","title":{"rendered":"Flachsteckh\u00fclse 4,8 mm 0,5 \u2013 1,0 mm\u00b2"},"content":{"rendered":"<p>Die verzinkte, nicht isolierte Flachsteckh\u00fclse von MRS besitzt eine Steckbreite von 4,8 mm und ist bei Kabelquerschnitten von 0,5 &#8211; 1,0 mm\u00b2 einsetzbar. Durch die integrierte Rastnase zum Einrasten im Steckergeh\u00e4use kann die Flachsteckh\u00fclse beim Einsetzen des Relais nicht einfach herausfallen. Die zus\u00e4tzliche Rillenpr\u00e4gung schafft verbesserte Kontakteigenschaften.<br \/>\nF\u00fcr weitere Informationen zu diesem Produkt wenden Sie sich bitte an unseren MRS Kundenservice.<\/p>\n","protected":false},"excerpt":{"rendered":"<p>Die verzinkte, nicht isolierte Flachsteckh\u00fclse von MRS besitzt eine Steckbreite von 4,8 mm und ist bei Kabelquerschnitten von 0,5 &#8211;<\/p>\n","protected":false},"featured_media":15067,"template":"","meta":[],"product_brand":[],"product_cat":[772],"product_tag":[],"class_list":{"0":"post-15070","1":"product","2":"type-product","3":"status-publish","4":"has-post-thumbnail","6":"product_cat-flachsteckhuelsen-de","8":"first","9":"instock","10":"taxable","11":"shipping-taxable","12":"purchasable","13":"product-type-variable"},"_links":{"self":[{"href":"https:\/\/shop.mrs-electronic.com\/de\/wp-json\/wp\/v2\/product\/15070","targetHints":{"allow":["GET"]}}],"collection":[{"href":"https:\/\/shop.mrs-electronic.com\/de\/wp-json\/wp\/v2\/product"}],"about":[{"href":"https:\/\/shop.mrs-electronic.com\/de\/wp-json\/wp\/v2\/types\/product"}],"wp:featuredmedia":[{"embeddable":true,"href":"https:\/\/shop.mrs-electronic.com\/de\/wp-json\/wp\/v2\/media\/15067"}],"wp:attachment":[{"href":"https:\/\/shop.mrs-electronic.com\/de\/wp-json\/wp\/v2\/media?parent=15070"}],"wp:term":[{"taxonomy":"product_brand","embeddable":true,"href":"https:\/\/shop.mrs-electronic.com\/de\/wp-json\/wp\/v2\/product_brand?post=15070"},{"taxonomy":"product_cat","embeddable":true,"href":"https:\/\/shop.mrs-electronic.com\/de\/wp-json\/wp\/v2\/product_cat?post=15070"},{"taxonomy":"product_tag","embeddable":true,"href":"https:\/\/shop.mrs-electronic.com\/de\/wp-json\/wp\/v2\/product_tag?post=15070"}],"curies":[{"name":"wp","href":"https:\/\/api.w.org\/{rel}","templated":true}]}}