{"id":15064,"date":"2024-04-30T15:45:24","date_gmt":"2024-04-30T12:45:24","guid":{"rendered":"https:\/\/staging-shop.mrs-electronic.com\/product\/crimpkontakt-timer-junior-150-250-mm2\/"},"modified":"2026-04-27T02:25:23","modified_gmt":"2026-04-27T00:25:23","slug":"crimpkontakt-timer-junior-150-250-mm2","status":"publish","type":"product","link":"https:\/\/shop.mrs-electronic.com\/de\/produkt\/crimpkontakt-timer-junior-150-250-mm2\/","title":{"rendered":"Crimpkontakt Timer Junior 1,50 \u2013 2,50 mm\u00b2"},"content":{"rendered":"<p>Der Crimpkontakt Timer Junior von MRS ist bei Kabelquerschnittsbereichen von 1,50 \u2013 2,50 mm\u00b2 einsetzbar. Zugeh\u00f6rig zum Steckerpacket f\u00fcr CAN-PWM Modul und geeignet f\u00fcr die Anwendung mit der M3600 CAN SPS. Der MRS Crimpkontakt Timer Junior 1,50 \u2013 2,50 mm\u00b2 gew\u00e4hrleistet Ihnen eine hohe elektrische und mechanische Sicherheit. Profitieren Sie von der erheblichen Vereinfachung, die die Handhabung mit sich bringt.<br \/>\nF\u00fcr weitere Informationen zu diesem Produkt wenden Sie sich bitte an unseren MRS Kundenservice.<\/p>\n","protected":false},"excerpt":{"rendered":"<p>Der Crimpkontakt Timer Junior von MRS ist bei Kabelquerschnittsbereichen von 1,50 \u2013 2,50 mm\u00b2 einsetzbar. Zugeh\u00f6rig zum Steckerpacket f\u00fcr CAN-PWM<\/p>\n","protected":false},"featured_media":15061,"template":"","meta":[],"product_brand":[],"product_cat":[770],"product_tag":[],"class_list":{"0":"post-15064","1":"product","2":"type-product","3":"status-publish","4":"has-post-thumbnail","6":"product_cat-crimpkontakte-de","8":"first","9":"instock","10":"taxable","11":"shipping-taxable","12":"purchasable","13":"product-type-variable"},"_links":{"self":[{"href":"https:\/\/shop.mrs-electronic.com\/de\/wp-json\/wp\/v2\/product\/15064","targetHints":{"allow":["GET"]}}],"collection":[{"href":"https:\/\/shop.mrs-electronic.com\/de\/wp-json\/wp\/v2\/product"}],"about":[{"href":"https:\/\/shop.mrs-electronic.com\/de\/wp-json\/wp\/v2\/types\/product"}],"wp:featuredmedia":[{"embeddable":true,"href":"https:\/\/shop.mrs-electronic.com\/de\/wp-json\/wp\/v2\/media\/15061"}],"wp:attachment":[{"href":"https:\/\/shop.mrs-electronic.com\/de\/wp-json\/wp\/v2\/media?parent=15064"}],"wp:term":[{"taxonomy":"product_brand","embeddable":true,"href":"https:\/\/shop.mrs-electronic.com\/de\/wp-json\/wp\/v2\/product_brand?post=15064"},{"taxonomy":"product_cat","embeddable":true,"href":"https:\/\/shop.mrs-electronic.com\/de\/wp-json\/wp\/v2\/product_cat?post=15064"},{"taxonomy":"product_tag","embeddable":true,"href":"https:\/\/shop.mrs-electronic.com\/de\/wp-json\/wp\/v2\/product_tag?post=15064"}],"curies":[{"name":"wp","href":"https:\/\/api.w.org\/{rel}","templated":true}]}}