{"id":15058,"date":"2024-04-30T15:45:22","date_gmt":"2024-04-30T12:45:22","guid":{"rendered":"https:\/\/staging-shop.mrs-electronic.com\/product\/junior-power-timer-kontakt-15-25-mm2\/"},"modified":"2026-04-25T02:25:27","modified_gmt":"2026-04-25T00:25:27","slug":"junior-power-timer-kontakt-15-25-mm2","status":"publish","type":"product","link":"https:\/\/shop.mrs-electronic.com\/de\/produkt\/junior-power-timer-kontakt-15-25-mm2\/","title":{"rendered":"Junior Power Timer Kontakt 1,5 \u2013 2,5 mm\u00b2"},"content":{"rendered":"<p>Der Junior Power Timer Kontakt von MRS ist f\u00fcr Kabelquerschnittsbereiche von 1,5 \u2013 2,5 mm\u00b2 einsetzbar. Dabei gew\u00e4hrleistet Ihnen der Junior Power Timer Kontakt eine hohe elektrische und mechanische Sicherheit. Diesen Crimpkontakt k\u00f6nnen Sie bei uns zusammen mit unserem Steckerpaket (108888) oder separat f\u00fcr die Anwendung der Steuerung M2600 ECO CAN SPS beziehen. Profitieren Sie von der erheblichen Vereinfachung, welche die Handhabung mit sich bringt.<br \/>\nF\u00fcr weitere Informationen zu diesem Produkt wenden Sie sich bitte an unseren MRS Kundenservice.<\/p>\n","protected":false},"excerpt":{"rendered":"<p>Der Junior Power Timer Kontakt von MRS ist f\u00fcr Kabelquerschnittsbereiche von 1,5 \u2013 2,5 mm\u00b2 einsetzbar. Dabei gew\u00e4hrleistet Ihnen der<\/p>\n","protected":false},"featured_media":15055,"template":"","meta":[],"product_brand":[],"product_cat":[770],"product_tag":[],"class_list":{"0":"post-15058","1":"product","2":"type-product","3":"status-publish","4":"has-post-thumbnail","6":"product_cat-crimpkontakte-de","8":"first","9":"instock","10":"taxable","11":"shipping-taxable","12":"purchasable","13":"product-type-variable"},"_links":{"self":[{"href":"https:\/\/shop.mrs-electronic.com\/de\/wp-json\/wp\/v2\/product\/15058","targetHints":{"allow":["GET"]}}],"collection":[{"href":"https:\/\/shop.mrs-electronic.com\/de\/wp-json\/wp\/v2\/product"}],"about":[{"href":"https:\/\/shop.mrs-electronic.com\/de\/wp-json\/wp\/v2\/types\/product"}],"wp:featuredmedia":[{"embeddable":true,"href":"https:\/\/shop.mrs-electronic.com\/de\/wp-json\/wp\/v2\/media\/15055"}],"wp:attachment":[{"href":"https:\/\/shop.mrs-electronic.com\/de\/wp-json\/wp\/v2\/media?parent=15058"}],"wp:term":[{"taxonomy":"product_brand","embeddable":true,"href":"https:\/\/shop.mrs-electronic.com\/de\/wp-json\/wp\/v2\/product_brand?post=15058"},{"taxonomy":"product_cat","embeddable":true,"href":"https:\/\/shop.mrs-electronic.com\/de\/wp-json\/wp\/v2\/product_cat?post=15058"},{"taxonomy":"product_tag","embeddable":true,"href":"https:\/\/shop.mrs-electronic.com\/de\/wp-json\/wp\/v2\/product_tag?post=15058"}],"curies":[{"name":"wp","href":"https:\/\/api.w.org\/{rel}","templated":true}]}}