{"id":15034,"date":"2024-04-30T15:45:12","date_gmt":"2024-04-30T12:45:12","guid":{"rendered":"https:\/\/staging-shop.mrs-electronic.com\/product\/pcan-usb-interface-2\/"},"modified":"2026-04-04T02:25:58","modified_gmt":"2026-04-04T00:25:58","slug":"pcan-usb-interface","status":"publish","type":"product","link":"https:\/\/shop.mrs-electronic.com\/de\/produkt\/pcan-usb-interface\/","title":{"rendered":"PCAN-USB Interface"},"content":{"rendered":"<p>Der praktische PCAN-USB Interface Kabelsatz stellt einfach und schnell die Verbindung zwischen CAN-Steuerungen und USB her und erm\u00f6glicht Ihnen dadurch eine unkomplizierte Anbindung an die CAN-Netzwerke. Das kompakte Kunststoffgeh\u00e4use r\u00fcstet den PCAN-USB Interface Kabelsatz auch f\u00fcr den mobilen Einsatzbereich.<br \/>\nF\u00fcr weitere Informationen zu diesem Produkt wenden Sie sich bitte an unseren MRS Kundenservice.<\/p>\n","protected":false},"excerpt":{"rendered":"<p>Der praktische PCAN-USB Interface Kabelsatz stellt einfach und schnell die Verbindung zwischen CAN-Steuerungen und USB her und erm\u00f6glicht Ihnen dadurch<\/p>\n","protected":false},"featured_media":15031,"template":"","meta":[],"product_brand":[],"product_cat":[764],"product_tag":[],"class_list":{"0":"post-15034","1":"product","2":"type-product","3":"status-publish","4":"has-post-thumbnail","6":"product_cat-kabelsaetze-de","8":"first","9":"instock","10":"taxable","11":"shipping-taxable","12":"purchasable","13":"product-type-variable"},"_links":{"self":[{"href":"https:\/\/shop.mrs-electronic.com\/de\/wp-json\/wp\/v2\/product\/15034","targetHints":{"allow":["GET"]}}],"collection":[{"href":"https:\/\/shop.mrs-electronic.com\/de\/wp-json\/wp\/v2\/product"}],"about":[{"href":"https:\/\/shop.mrs-electronic.com\/de\/wp-json\/wp\/v2\/types\/product"}],"wp:featuredmedia":[{"embeddable":true,"href":"https:\/\/shop.mrs-electronic.com\/de\/wp-json\/wp\/v2\/media\/15031"}],"wp:attachment":[{"href":"https:\/\/shop.mrs-electronic.com\/de\/wp-json\/wp\/v2\/media?parent=15034"}],"wp:term":[{"taxonomy":"product_brand","embeddable":true,"href":"https:\/\/shop.mrs-electronic.com\/de\/wp-json\/wp\/v2\/product_brand?post=15034"},{"taxonomy":"product_cat","embeddable":true,"href":"https:\/\/shop.mrs-electronic.com\/de\/wp-json\/wp\/v2\/product_cat?post=15034"},{"taxonomy":"product_tag","embeddable":true,"href":"https:\/\/shop.mrs-electronic.com\/de\/wp-json\/wp\/v2\/product_tag?post=15034"}],"curies":[{"name":"wp","href":"https:\/\/api.w.org\/{rel}","templated":true}]}}