{"id":15014,"date":"2024-04-30T15:45:05","date_gmt":"2024-04-30T12:45:05","guid":{"rendered":"https:\/\/staging-shop.mrs-electronic.com\/product\/flachsteckhuelse-95-mm-40-60-mm2\/"},"modified":"2026-04-05T02:26:11","modified_gmt":"2026-04-05T00:26:11","slug":"flachsteckhuelse-95-mm-40-60-mm2","status":"publish","type":"product","link":"https:\/\/shop.mrs-electronic.com\/de\/produkt\/flachsteckhuelse-95-mm-40-60-mm2\/","title":{"rendered":"Flachsteckh\u00fclse 9,5 mm 4,0 \u2013 6,0 mm\u00b2"},"content":{"rendered":"<p>Die verzinkte, nicht isolierte Flachsteckh\u00fclse von MRS besitzt eine Steckbreite von 9,5 mm und ist bei Kabelquerschnitten von 4,0 &#8211; 6,0 mm\u00b2 einsetzbar. Durch die integrierte Rastnase zum Einrasten im Steckergeh\u00e4use kann die Flachsteckh\u00fclse beim Einsetzen des Relais nicht einfach herausfallen. Die zus\u00e4tzliche Rillenpr\u00e4gung schafft verbesserte Kontakteigenschaften.<br \/>\nF\u00fcr weitere Informationen zu diesem Produkt wenden Sie sich bitte an unseren MRS Kundenservice.<\/p>\n","protected":false},"excerpt":{"rendered":"<p>Die verzinkte, nicht isolierte Flachsteckh\u00fclse von MRS besitzt eine Steckbreite von 9,5 mm und ist bei Kabelquerschnitten von 4,0 &#8211;<\/p>\n","protected":false},"featured_media":15009,"template":"","meta":[],"product_brand":[],"product_cat":[772],"product_tag":[],"class_list":{"0":"post-15014","1":"product","2":"type-product","3":"status-publish","4":"has-post-thumbnail","6":"product_cat-flachsteckhuelsen-de","8":"first","9":"instock","10":"taxable","11":"shipping-taxable","12":"purchasable","13":"product-type-variable"},"_links":{"self":[{"href":"https:\/\/shop.mrs-electronic.com\/de\/wp-json\/wp\/v2\/product\/15014","targetHints":{"allow":["GET"]}}],"collection":[{"href":"https:\/\/shop.mrs-electronic.com\/de\/wp-json\/wp\/v2\/product"}],"about":[{"href":"https:\/\/shop.mrs-electronic.com\/de\/wp-json\/wp\/v2\/types\/product"}],"wp:featuredmedia":[{"embeddable":true,"href":"https:\/\/shop.mrs-electronic.com\/de\/wp-json\/wp\/v2\/media\/15009"}],"wp:attachment":[{"href":"https:\/\/shop.mrs-electronic.com\/de\/wp-json\/wp\/v2\/media?parent=15014"}],"wp:term":[{"taxonomy":"product_brand","embeddable":true,"href":"https:\/\/shop.mrs-electronic.com\/de\/wp-json\/wp\/v2\/product_brand?post=15014"},{"taxonomy":"product_cat","embeddable":true,"href":"https:\/\/shop.mrs-electronic.com\/de\/wp-json\/wp\/v2\/product_cat?post=15014"},{"taxonomy":"product_tag","embeddable":true,"href":"https:\/\/shop.mrs-electronic.com\/de\/wp-json\/wp\/v2\/product_tag?post=15014"}],"curies":[{"name":"wp","href":"https:\/\/api.w.org\/{rel}","templated":true}]}}