{"id":15000,"date":"2024-04-30T15:44:59","date_gmt":"2024-04-30T12:44:59","guid":{"rendered":"https:\/\/staging-shop.mrs-electronic.com\/product\/tuelle-fuer-kabelsatz\/"},"modified":"2026-04-20T02:26:09","modified_gmt":"2026-04-20T00:26:09","slug":"tuelle-fuer-kabelsatz","status":"publish","type":"product","link":"https:\/\/shop.mrs-electronic.com\/de\/produkt\/tuelle-fuer-kabelsatz\/","title":{"rendered":"T\u00fclle f\u00fcr Kabelsatz"},"content":{"rendered":"<p>Die T\u00fclle f\u00fcr Kabels\u00e4tze eignet sich perfekt f\u00fcr die CAN I\/O \u2013 Baugruppenanschl\u00fcsse (Revision bis E) und dient, aufgrund ihrer Passgenauigkeit, als Schutz vor \u00e4u\u00dferen Einfl\u00fcssen.<br \/>\nF\u00fcr weitere Informationen zu diesem Produkt wenden Sie sich bitte an unseren MRS Kundenservice.<\/p>\n","protected":false},"excerpt":{"rendered":"<p>Die T\u00fclle f\u00fcr Kabels\u00e4tze eignet sich perfekt f\u00fcr die CAN I\/O \u2013 Baugruppenanschl\u00fcsse (Revision bis E) und dient, aufgrund ihrer<\/p>\n","protected":false},"featured_media":14995,"template":"","meta":[],"product_brand":[],"product_cat":[768],"product_tag":[],"class_list":{"0":"post-15000","1":"product","2":"type-product","3":"status-publish","4":"has-post-thumbnail","6":"product_cat-steckerpakete-de","8":"first","9":"instock","10":"taxable","11":"shipping-taxable","12":"purchasable","13":"product-type-variable"},"_links":{"self":[{"href":"https:\/\/shop.mrs-electronic.com\/de\/wp-json\/wp\/v2\/product\/15000","targetHints":{"allow":["GET"]}}],"collection":[{"href":"https:\/\/shop.mrs-electronic.com\/de\/wp-json\/wp\/v2\/product"}],"about":[{"href":"https:\/\/shop.mrs-electronic.com\/de\/wp-json\/wp\/v2\/types\/product"}],"wp:featuredmedia":[{"embeddable":true,"href":"https:\/\/shop.mrs-electronic.com\/de\/wp-json\/wp\/v2\/media\/14995"}],"wp:attachment":[{"href":"https:\/\/shop.mrs-electronic.com\/de\/wp-json\/wp\/v2\/media?parent=15000"}],"wp:term":[{"taxonomy":"product_brand","embeddable":true,"href":"https:\/\/shop.mrs-electronic.com\/de\/wp-json\/wp\/v2\/product_brand?post=15000"},{"taxonomy":"product_cat","embeddable":true,"href":"https:\/\/shop.mrs-electronic.com\/de\/wp-json\/wp\/v2\/product_cat?post=15000"},{"taxonomy":"product_tag","embeddable":true,"href":"https:\/\/shop.mrs-electronic.com\/de\/wp-json\/wp\/v2\/product_tag?post=15000"}],"curies":[{"name":"wp","href":"https:\/\/api.w.org\/{rel}","templated":true}]}}