{"id":14984,"date":"2024-04-30T15:44:54","date_gmt":"2024-04-30T12:44:54","guid":{"rendered":"https:\/\/staging-shop.mrs-electronic.com\/product\/can-io-sps-lhs\/"},"modified":"2026-04-08T02:25:53","modified_gmt":"2026-04-08T00:25:53","slug":"can-io-sps-lhs","status":"publish","type":"product","link":"https:\/\/shop.mrs-electronic.com\/de\/produkt\/can-io-sps-lhs\/","title":{"rendered":"CAN I\/O SPS LHS"},"content":{"rendered":"<p>Die kompakte Steuerung CAN I\/O SPS LHS in der Low- und Highside-Ausf\u00fchrung bietet zu den standardm\u00e4\u00dfigen vier Highside Ausg\u00e4ngen nun zus\u00e4tzliche vier Low-Side-Ausg\u00e4nge. Die perfekte L\u00f6sung zum Ansteuern von massegesteuerten Aktoren und Motorbr\u00fccken.<\/p>\n","protected":false},"excerpt":{"rendered":"<p>Die kompakte Steuerung CAN I\/O SPS LHS in der Low- und Highside-Ausf\u00fchrung bietet zu den standardm\u00e4\u00dfigen vier Highside Ausg\u00e4ngen nun<\/p>\n","protected":false},"featured_media":17532,"template":"","meta":[],"product_brand":[],"product_cat":[728],"product_tag":[],"class_list":{"0":"post-14984","1":"product","2":"type-product","3":"status-publish","4":"has-post-thumbnail","6":"product_cat-vernetzte-steuerungen-de","8":"first","9":"instock","10":"taxable","11":"shipping-taxable","12":"purchasable","13":"product-type-variable"},"_links":{"self":[{"href":"https:\/\/shop.mrs-electronic.com\/de\/wp-json\/wp\/v2\/product\/14984","targetHints":{"allow":["GET"]}}],"collection":[{"href":"https:\/\/shop.mrs-electronic.com\/de\/wp-json\/wp\/v2\/product"}],"about":[{"href":"https:\/\/shop.mrs-electronic.com\/de\/wp-json\/wp\/v2\/types\/product"}],"wp:featuredmedia":[{"embeddable":true,"href":"https:\/\/shop.mrs-electronic.com\/de\/wp-json\/wp\/v2\/media\/17532"}],"wp:attachment":[{"href":"https:\/\/shop.mrs-electronic.com\/de\/wp-json\/wp\/v2\/media?parent=14984"}],"wp:term":[{"taxonomy":"product_brand","embeddable":true,"href":"https:\/\/shop.mrs-electronic.com\/de\/wp-json\/wp\/v2\/product_brand?post=14984"},{"taxonomy":"product_cat","embeddable":true,"href":"https:\/\/shop.mrs-electronic.com\/de\/wp-json\/wp\/v2\/product_cat?post=14984"},{"taxonomy":"product_tag","embeddable":true,"href":"https:\/\/shop.mrs-electronic.com\/de\/wp-json\/wp\/v2\/product_tag?post=14984"}],"curies":[{"name":"wp","href":"https:\/\/api.w.org\/{rel}","templated":true}]}}