{"id":14976,"date":"2024-04-30T14:44:50","date_gmt":"2024-04-30T12:44:50","guid":{"rendered":"https:\/\/staging-shop.mrs-electronic.com\/product\/micro-sps-can-lin\/"},"modified":"2026-04-20T02:26:04","modified_gmt":"2026-04-20T00:26:04","slug":"micro-sps-gateway-can-lin","status":"publish","type":"product","link":"https:\/\/shop.mrs-electronic.com\/de\/produkt\/micro-sps-gateway-can-lin\/","title":{"rendered":"Micro SPS Gateway CAN LIN"},"content":{"rendered":"<p>Das kompakteste Gateway von MRS Electronic ist die Micro SPS Gateway CAN LIN. Dieses Gateway ist auf Basis einer Micro SPS CAN entwickelt und aufgebaut worden. Sie bietet umfangreiche Funktionen, eingepackt in einem 30 x 30 x 40 mm kompakten Kunststoffgeh\u00e4use. Sie verf\u00fcgt \u00fcber 9 Pins und verf\u00fcgt \u00fcber jeweils eine CAN- und LIN-Schnittstelle. Das Produkt kann als LIN Slave oder als LIN Master Beschaltung ausgeliefert werden und ist perfekt f\u00fcr enge Einbaur\u00e4ume.<\/p>\n","protected":false},"excerpt":{"rendered":"<p>Das kompakteste Gateway von MRS Electronic ist die Micro SPS Gateway CAN LIN. Dieses Gateway ist auf Basis einer Micro<\/p>\n","protected":false},"featured_media":14963,"template":"","meta":[],"product_brand":[],"product_cat":[734],"product_tag":[],"class_list":{"0":"post-14976","1":"product","2":"type-product","3":"status-publish","4":"has-post-thumbnail","6":"product_cat-gateways-de","8":"first","9":"instock","10":"taxable","11":"shipping-taxable","12":"purchasable","13":"product-type-variable"},"_links":{"self":[{"href":"https:\/\/shop.mrs-electronic.com\/de\/wp-json\/wp\/v2\/product\/14976","targetHints":{"allow":["GET"]}}],"collection":[{"href":"https:\/\/shop.mrs-electronic.com\/de\/wp-json\/wp\/v2\/product"}],"about":[{"href":"https:\/\/shop.mrs-electronic.com\/de\/wp-json\/wp\/v2\/types\/product"}],"wp:featuredmedia":[{"embeddable":true,"href":"https:\/\/shop.mrs-electronic.com\/de\/wp-json\/wp\/v2\/media\/14963"}],"wp:attachment":[{"href":"https:\/\/shop.mrs-electronic.com\/de\/wp-json\/wp\/v2\/media?parent=14976"}],"wp:term":[{"taxonomy":"product_brand","embeddable":true,"href":"https:\/\/shop.mrs-electronic.com\/de\/wp-json\/wp\/v2\/product_brand?post=14976"},{"taxonomy":"product_cat","embeddable":true,"href":"https:\/\/shop.mrs-electronic.com\/de\/wp-json\/wp\/v2\/product_cat?post=14976"},{"taxonomy":"product_tag","embeddable":true,"href":"https:\/\/shop.mrs-electronic.com\/de\/wp-json\/wp\/v2\/product_tag?post=14976"}],"curies":[{"name":"wp","href":"https:\/\/api.w.org\/{rel}","templated":true}]}}